{"id":111,"date":"2013-02-19T11:40:27","date_gmt":"2013-02-19T11:40:27","guid":{"rendered":"http:\/\/campinglagorga.com\/situation-camping-la-gorga-boltana-pirineo-aragones\/"},"modified":"2018-03-19T19:02:45","modified_gmt":"2018-03-19T19:02:45","slug":"situation-camping-la-gorga-boltana-pirineo-aragones-1","status":"publish","type":"page","link":"https:\/\/campinglagorga.com\/en\/situation-camping-la-gorga-boltana-pirineo-aragones-1\/","title":{"rendered":"Situation Camping La Gorga &#8211; Bolta\u00f1a &#8211; Pirineo aragon\u00e9s"},"content":{"rendered":"<p>[et_pb_section bb_built=&#8221;1&#8243; fullwidth=&#8221;on&#8221; specialty=&#8221;off&#8221; next_background_color=&#8221;#000000&#8243;][et_pb_fullwidth_slider _builder_version=&#8221;3.0.106&#8243; show_arrows=&#8221;on&#8221; show_pagination=&#8221;on&#8221; custom_button=&#8221;off&#8221; button_icon_placement=&#8221;right&#8221; show_content_on_mobile=&#8221;on&#8221; show_cta_on_mobile=&#8221;on&#8221; show_image_video_mobile=&#8221;off&#8221;][et_pb_slide _builder_version=&#8221;3.0.106&#8243; heading=&#8221;Situaci\u00f3n Camping &#8211; Bungalows %22La Gorga%22&#8243; use_background_color_gradient=&#8221;off&#8221; background_color_gradient_start=&#8221;#2b87da&#8221; background_color_gradient_end=&#8221;#29c4a9&#8243; background_color_gradient_type=&#8221;linear&#8221; background_color_gradient_direction=&#8221;180deg&#8221; background_color_gradient_direction_radial=&#8221;center&#8221; background_color_gradient_start_position=&#8221;0%&#8221; background_color_gradient_end_position=&#8221;100%&#8221; background_color_gradient_overlays_image=&#8221;off&#8221; background_image=&#8221;https:\/\/campinglagorga.com\/wp-content\/uploads\/2015\/07\/294_5.jpg&#8221; parallax=&#8221;off&#8221; parallax_method=&#8221;on&#8221; background_size=&#8221;cover&#8221; background_position=&#8221;center&#8221; background_repeat=&#8221;no-repeat&#8221; background_blend=&#8221;normal&#8221; allow_player_pause=&#8221;off&#8221; background_video_pause_outside_viewport=&#8221;on&#8221; use_bg_overlay=&#8221;off&#8221; use_text_overlay=&#8221;off&#8221; text_border_radius=&#8221;3&#8243; alignment=&#8221;center&#8221; child_filter_hue_rotate=&#8221;0deg&#8221; child_filter_saturate=&#8221;100%&#8221; child_filter_brightness=&#8221;100%&#8221; child_filter_contrast=&#8221;100%&#8221; child_filter_invert=&#8221;0%&#8221; child_filter_sepia=&#8221;0%&#8221; child_filter_opacity=&#8221;100%&#8221; child_filter_blur=&#8221;0px&#8221; child_mix_blend_mode=&#8221;normal&#8221; background_layout=&#8221;dark&#8221; text_shadow_style=&#8221;none&#8221; header_text_shadow_style=&#8221;none&#8221; body_text_shadow_style=&#8221;none&#8221; custom_button=&#8221;off&#8221; button_bg_use_color_gradient=&#8221;off&#8221; button_bg_color_gradient_overlays_image=&#8221;off&#8221; button_use_icon=&#8221;on&#8221; button_on_hover=&#8221;on&#8221; button_text_shadow_style=&#8221;none&#8221; box_shadow_style_button=&#8221;none&#8221; \/][\/et_pb_fullwidth_slider][\/et_pb_section][et_pb_section bb_built=&#8221;1&#8243; _builder_version=&#8221;3.0.47&#8243; prev_background_color=&#8221;#000000&#8243;][et_pb_row _builder_version=&#8221;3.0.47&#8243; background_size=&#8221;initial&#8221; background_position=&#8221;top_left&#8221; background_repeat=&#8221;repeat&#8221;][et_pb_column type=&#8221;4_4&#8243;][et_pb_text admin_label=&#8221;TEXTO &#8211; TITULO&#8221; _builder_version=&#8221;3.0.105&#8243; background_layout=&#8221;light&#8221;]<\/p>\n<h1 style=\"text-align: center;\">SITUATION CAMPING LA GORGA<\/h1>\n<p>[\/et_pb_text][et_pb_map address=&#8221;Diseminado Camping, 22340 Bolta\u00f1a, Huesca, Espa\u00f1a&#8221; address_lat=&#8221;42.443240396192&#8243; address_lng=&#8221;0.068728736554027&#8243; _builder_version=&#8221;3.0.100&#8243; zoom_level=&#8221;16&#8243; _map_version=&#8221;0&#8243;][et_pb_map_pin title=&#8221;Camping La Gorga&#8221; pin_address=&#8221;Diseminado Camping, 22340 Bolta\u00f1a, Huesca, Espa\u00f1a&#8221; pin_address_lat=&#8221;42.443699598157&#8243; pin_address_lng=&#8221;0.065231135998602&#8243; _builder_version=&#8221;3.0.100&#8243;][\/et_pb_map_pin][\/et_pb_map][et_pb_text admin_label=&#8221;Texto &#8211; accesso desde&#8221; _builder_version=&#8221;3.0.105&#8243; background_size=&#8221;initial&#8221; background_position=&#8221;top_left&#8221; background_repeat=&#8221;repeat&#8221; background_layout=&#8221;light&#8221;]<\/p>\n<h2 style=\"text-align: center;\">How to get there<\/h2>\n<p>&nbsp;<\/p>\n<p style=\"text-align: center;\"><strong>From Spain center and South:<br \/>\n<\/strong>Madrid-Zaragoza-Huesca-Barbastro-A\u00ednsa-Bolta\u00f1a. Total: 500 kms<\/p>\n<p style=\"text-align: center;\"><strong>From Spain north-east:<br \/>\n<\/strong>Bilbao-Pamplona-Jaca-Bolta\u00f1a. Total: 353 kms.<br \/>\nPamplona-Jaca-Biescas-Bolta\u00f1a. Total: 195 kms.<\/p>\n<p style=\"text-align: center;\"><strong>From Catalu\u00f1a-Levante:<br \/>\n<\/strong><strong>\u200b<\/strong>Barcelona-Lerida-Barbastro-Ainsa-Bolta\u00f1a. Total: 296 kms.<br \/>\nL\u00e9rida-Barbastro-Ainsa-Bolta\u00f1a. Total 132 kms.<\/p>\n<p style=\"text-align: center;\">\u200b<strong>From Europe center:<br \/>\n<\/strong>Paris-Toulouse-Lannemezan-Bolta\u00f1a. Total 902 kms.<br \/>\nLyon-Narbonne-Toulouse-Lannemezan-Bolta\u00f1a . Total: 795 kms.<\/p>\n<p style=\"text-align: center;\"><strong>From Portugal:<\/strong><br \/>\nLisboa-Madrid-Zaragoza-Huesca-Barbastro-A\u00ednsa-Bolta\u00f1a. Total: 1099 kms.<\/p>\n<p>[\/et_pb_text][\/et_pb_column][\/et_pb_row][\/et_pb_section]<\/p>\n","protected":false},"excerpt":{"rendered":"<p>SITUATION CAMPING LA GORGA How to get there &nbsp; From Spain center and South: Madrid-Zaragoza-Huesca-Barbastro-A\u00ednsa-Bolta\u00f1a. Total: 500 kms From Spain north-east: Bilbao-Pamplona-Jaca-Bolta\u00f1a. Total: 353 kms. Pamplona-Jaca-Biescas-Bolta\u00f1a. Total: 195 kms. From Catalu\u00f1a-Levante: \u200bBarcelona-Lerida-Barbastro-Ainsa-Bolta\u00f1a. Total: 296 kms. L\u00e9rida-Barbastro-Ainsa-Bolta\u00f1a. Total 132 kms. \u200bFrom Europe center: Paris-Toulouse-Lannemezan-Bolta\u00f1a. Total 902 kms. Lyon-Narbonne-Toulouse-Lannemezan-Bolta\u00f1a . Total: 795 kms. From Portugal: Lisboa-Madrid-Zaragoza-Huesca-Barbastro-A\u00ednsa-Bolta\u00f1a. Total: [&hellip;]<\/p>\n","protected":false},"author":1,"featured_media":0,"parent":0,"menu_order":0,"comment_status":"closed","ping_status":"closed","template":"","meta":{"_et_pb_use_builder":"on","_et_pb_old_content":"<p><strong>Acc\u00e8s<\/strong><\/p><ul><li><strong>Depuis le centre de l\u00b4Espagne et le Sud:<\/strong><ul><li>Madrid-Saragosse-Huesca-Barbastro-A\u00ednsa-Bolta\u00f1a. Total: 500 kms<\/li><\/ul><\/li><\/ul><p>\u00a0<\/p><ul><li><strong>Depuis le Nord Est de l\u00b4Espagne:<\/strong><ul><li>Bilbao-Pampelune-Jaca-Bolta\u00f1a. Total: 353 kms.<\/li><li>Pampelune-Jaca-Biescas-Bolta\u00f1a. Total: 195 kms.<\/li><\/ul><\/li><\/ul><p>\u00a0<\/p><ul><li><strong>Depuis la Catalogne et la r\u00e9gion de Valence:<\/strong><ul><li>Barcelone-L\u00e9rida-Barbastro-Ainsa-Bolta\u00f1a. Total: 296 kms.<\/li><li>L\u00e9rida-Barbastro-Ainsa-Bolta\u00f1a. Total 132 kms.<\/li><\/ul><\/li><\/ul><p>\u00a0<\/p><ul><li><strong>Depuis l\u00b4Europe<\/strong>:<ul><li>Paris-Toulouse-Lannemezan-Bolta\u00f1a. Total 902 kms.<\/li><li>Lyon-Narbonne-Toulouse-Lannemezan-Bolta\u00f1a. Total: 795 kms.<\/li><\/ul><\/li><li><strong>Depuis le Portugal:<\/strong><ul><li>Lisbonne-Madrid-Saragosse-Huesca-Barbastro-A\u00ednsa-Bolta\u00f1a. Total: 1099 kms.<\/li><\/ul><\/li><\/ul><p>\u00a0<\/p><p>\u00a0<\/p>","_et_gb_content_width":"","footnotes":""},"class_list":["post-111","page","type-page","status-publish","hentry"],"_links":{"self":[{"href":"https:\/\/campinglagorga.com\/en\/wp-json\/wp\/v2\/pages\/111","targetHints":{"allow":["GET"]}}],"collection":[{"href":"https:\/\/campinglagorga.com\/en\/wp-json\/wp\/v2\/pages"}],"about":[{"href":"https:\/\/campinglagorga.com\/en\/wp-json\/wp\/v2\/types\/page"}],"author":[{"embeddable":true,"href":"https:\/\/campinglagorga.com\/en\/wp-json\/wp\/v2\/users\/1"}],"replies":[{"embeddable":true,"href":"https:\/\/campinglagorga.com\/en\/wp-json\/wp\/v2\/comments?post=111"}],"version-history":[{"count":13,"href":"https:\/\/campinglagorga.com\/en\/wp-json\/wp\/v2\/pages\/111\/revisions"}],"predecessor-version":[{"id":2651,"href":"https:\/\/campinglagorga.com\/en\/wp-json\/wp\/v2\/pages\/111\/revisions\/2651"}],"wp:attachment":[{"href":"https:\/\/campinglagorga.com\/en\/wp-json\/wp\/v2\/media?parent=111"}],"curies":[{"name":"wp","href":"https:\/\/api.w.org\/{rel}","templated":true}]}}