{"id":1966,"date":"2018-02-09T15:28:30","date_gmt":"2018-02-09T15:28:30","guid":{"rendered":"http:\/\/campinglagorga.com\/contactar\/"},"modified":"2018-09-07T09:17:26","modified_gmt":"2018-09-07T09:17:26","slug":"contact","status":"publish","type":"page","link":"https:\/\/campinglagorga.com\/en\/contact\/","title":{"rendered":"Contact"},"content":{"rendered":"<p>[et_pb_section bb_built=&#8221;1&#8243;][et_pb_row][et_pb_column type=&#8221;4_4&#8243;][et_pb_text _builder_version=&#8221;3.0.101&#8243; background_layout=&#8221;light&#8221;]<\/p>\n<p style=\"text-align: center;\">To make your booking or ask for further information, do not hesitate to contact us<\/p>\n<p style=\"text-align: center;\"><strong>Ctra. N-260 Km 444. 22340 Bolta\u00f1a (Huesca) &#8211;\u00a0Pirineo Aragon\u00e9s (Espa\u00f1a)\u00a0<\/strong><\/p>\n<p style=\"text-align: center;\"><strong>Telf. 974 50 23 57 <\/strong><\/p>\n<p style=\"text-align: center;\"><strong>Emai:\u00a0<a href=\"mailto:info@campinglagorga.com\">info@campinglagorga.com<\/a><\/strong><\/p>\n<p>[\/et_pb_text][et_pb_contact_form _builder_version=&#8221;3.12.2&#8243; success_message=&#8221;Message sent succesfully.&#8221; email=&#8221;info@campinglagorga.com&#8221; custom_message=&#8221;Mensaje enviado desde el formulario de contacto Ingl\u00e9s de campinglagorga.com.||et_pb_line_break_holder||||et_pb_line_break_holder||- Nombre: %%Nombre%%||et_pb_line_break_holder||- Apellidos: %%Apellidos%%||et_pb_line_break_holder||- Email: %%Email%%||et_pb_line_break_holder||- Tel\u00e9fono: %%Telefono%%||et_pb_line_break_holder||- Localidad: %%Localidad%%||et_pb_line_break_holder||- Pais: %%Pais%%||et_pb_line_break_holder||- Mensaje: %%Mensaje%%&#8221; title=&#8221;Contact form:&#8221;][et_pb_contact_field field_title=&#8221;First Name&#8221; field_type=&#8221;input&#8221; field_id=&#8221;Nombre&#8221; required_mark=&#8221;on&#8221; fullwidth_field=&#8221;off&#8221; _builder_version=&#8221;3.0.101&#8243; checkbox_checked=&#8221;off&#8221; checkbox_options=&#8221;%91{%22value%22:%22Nombre%22,%22checked%22:0}%93&#8243; radio_options=&#8221;%91{%22value%22:%22Nombre%22,%22checked%22:0}%93&#8243; select_options=&#8221;%91{%22value%22:%22Nombre%22,%22checked%22:0}%93&#8243; min_length=&#8221;0&#8243; max_length=&#8221;100&#8243; allowed_symbols=&#8221;all&#8221; conditional_logic=&#8221;off&#8221; conditional_logic_relation=&#8221;off&#8221; conditional_logic_rules=&#8221;%91{%22field%22:%22apellidos%22,%22condition%22:%22is%22,%22value%22:%22%22}%93&#8243; use_background_color_gradient=&#8221;off&#8221; background_color_gradient_start=&#8221;#2b87da&#8221; background_color_gradient_end=&#8221;#29c4a9&#8243; background_color_gradient_type=&#8221;linear&#8221; background_color_gradient_direction=&#8221;180deg&#8221; background_color_gradient_direction_radial=&#8221;center&#8221; background_color_gradient_start_position=&#8221;0%&#8221; background_color_gradient_end_position=&#8221;100%&#8221; background_color_gradient_overlays_image=&#8221;off&#8221; parallax=&#8221;off&#8221; parallax_method=&#8221;on&#8221; background_size=&#8221;cover&#8221; background_position=&#8221;center&#8221; background_repeat=&#8221;no-repeat&#8221; background_blend=&#8221;normal&#8221; allow_player_pause=&#8221;off&#8221; background_video_pause_outside_viewport=&#8221;on&#8221; form_field_text_shadow_style=&#8221;none&#8221; box_shadow_style=&#8221;none&#8221; form_field_text_shadow_horizontal_length=&#8221;0em&#8221; form_field_text_shadow_vertical_length=&#8221;0em&#8221; form_field_text_shadow_blur_strength=&#8221;0em&#8221; \/][et_pb_contact_field field_title=&#8221;Last Name&#8221; field_type=&#8221;input&#8221; field_id=&#8221;Apellidos&#8221; required_mark=&#8221;on&#8221; fullwidth_field=&#8221;off&#8221; _builder_version=&#8221;3.0.101&#8243; checkbox_checked=&#8221;off&#8221; checkbox_options=&#8221;%91{%22value%22:%22Nombre%22,%22checked%22:0}%93&#8243; radio_options=&#8221;%91{%22value%22:%22Nombre%22,%22checked%22:0}%93&#8243; select_options=&#8221;%91{%22value%22:%22Nombre%22,%22checked%22:0}%93&#8243; min_length=&#8221;0&#8243; max_length=&#8221;101&#8243; allowed_symbols=&#8221;all&#8221; conditional_logic=&#8221;off&#8221; conditional_logic_relation=&#8221;off&#8221; conditional_logic_rules=&#8221;%91{%22field%22:%22nombre%22,%22condition%22:%22is%22,%22value%22:%22%22}%93&#8243; use_background_color_gradient=&#8221;off&#8221; background_color_gradient_start=&#8221;#2b87da&#8221; background_color_gradient_end=&#8221;#29c4a9&#8243; background_color_gradient_type=&#8221;linear&#8221; background_color_gradient_direction=&#8221;180deg&#8221; background_color_gradient_direction_radial=&#8221;center&#8221; background_color_gradient_start_position=&#8221;0%&#8221; background_color_gradient_end_position=&#8221;100%&#8221; background_color_gradient_overlays_image=&#8221;off&#8221; parallax=&#8221;off&#8221; parallax_method=&#8221;on&#8221; background_size=&#8221;cover&#8221; background_position=&#8221;center&#8221; background_repeat=&#8221;no-repeat&#8221; background_blend=&#8221;normal&#8221; allow_player_pause=&#8221;off&#8221; background_video_pause_outside_viewport=&#8221;on&#8221; form_field_text_shadow_style=&#8221;none&#8221; box_shadow_style=&#8221;none&#8221; form_field_text_shadow_horizontal_length=&#8221;0em&#8221; form_field_text_shadow_vertical_length=&#8221;0em&#8221; form_field_text_shadow_blur_strength=&#8221;0em&#8221; \/][et_pb_contact_field _builder_version=&#8221;3.0.101&#8243; field_id=&#8221;Telefono&#8221; field_title=&#8221;Telephone&#8221; field_type=&#8221;input&#8221; checkbox_checked=&#8221;off&#8221; checkbox_options=&#8221;%91{%22value%22:%22%22,%22checked%22:0}%93&#8243; radio_options=&#8221;%91{%22value%22:%22%22,%22checked%22:0}%93&#8243; select_options=&#8221;%91{%22value%22:%22%22,%22checked%22:0}%93&#8243; min_length=&#8221;0&#8243; max_length=&#8221;49&#8243; allowed_symbols=&#8221;alphanumeric&#8221; required_mark=&#8221;on&#8221; conditional_logic=&#8221;off&#8221; conditional_logic_relation=&#8221;off&#8221; conditional_logic_rules=&#8221;%91{%22field%22:%22nombre%22,%22condition%22:%22is%22,%22value%22:%22%22}%93&#8243; use_background_color_gradient=&#8221;off&#8221; background_color_gradient_start=&#8221;#2b87da&#8221; background_color_gradient_end=&#8221;#29c4a9&#8243; background_color_gradient_type=&#8221;linear&#8221; background_color_gradient_direction=&#8221;180deg&#8221; background_color_gradient_direction_radial=&#8221;center&#8221; background_color_gradient_start_position=&#8221;0%&#8221; background_color_gradient_end_position=&#8221;100%&#8221; background_color_gradient_overlays_image=&#8221;off&#8221; parallax=&#8221;off&#8221; parallax_method=&#8221;on&#8221; background_size=&#8221;cover&#8221; background_position=&#8221;center&#8221; background_repeat=&#8221;no-repeat&#8221; background_blend=&#8221;normal&#8221; allow_player_pause=&#8221;off&#8221; background_video_pause_outside_viewport=&#8221;on&#8221; fullwidth_field=&#8221;off&#8221; form_field_text_shadow_style=&#8221;none&#8221; box_shadow_style=&#8221;none&#8221; form_field_text_shadow_horizontal_length=&#8221;0em&#8221; form_field_text_shadow_vertical_length=&#8221;0em&#8221; form_field_text_shadow_blur_strength=&#8221;0em&#8221; \/][et_pb_contact_field field_title=&#8221;Direcci\u00f3n de correo electr\u00f3nico&#8221; field_type=&#8221;email&#8221; field_id=&#8221;Email&#8221; required_mark=&#8221;on&#8221; fullwidth_field=&#8221;off&#8221; _builder_version=&#8221;3.0.101&#8243; checkbox_checked=&#8221;off&#8221; checkbox_options=&#8221;%91{%22value%22:%22Direcci\u00f3n de correo electr\u00f3nico%22,%22checked%22:0}%93&#8243; radio_options=&#8221;%91{%22value%22:%22Direcci\u00f3n de correo electr\u00f3nico%22,%22checked%22:0}%93&#8243; select_options=&#8221;%91{%22value%22:%22Direcci\u00f3n de correo electr\u00f3nico%22,%22checked%22:0}%93&#8243; min_length=&#8221;0&#8243; max_length=&#8221;0&#8243; allowed_symbols=&#8221;all&#8221; conditional_logic=&#8221;off&#8221; conditional_logic_relation=&#8221;off&#8221; conditional_logic_rules=&#8221;%91{%22field%22:%22nombre%22,%22condition%22:%22is%22,%22value%22:%22%22}%93&#8243; use_background_color_gradient=&#8221;off&#8221; background_color_gradient_start=&#8221;#2b87da&#8221; background_color_gradient_end=&#8221;#29c4a9&#8243; background_color_gradient_type=&#8221;linear&#8221; background_color_gradient_direction=&#8221;180deg&#8221; background_color_gradient_direction_radial=&#8221;center&#8221; background_color_gradient_start_position=&#8221;0%&#8221; background_color_gradient_end_position=&#8221;100%&#8221; background_color_gradient_overlays_image=&#8221;off&#8221; parallax=&#8221;off&#8221; parallax_method=&#8221;on&#8221; background_size=&#8221;cover&#8221; background_position=&#8221;center&#8221; background_repeat=&#8221;no-repeat&#8221; background_blend=&#8221;normal&#8221; allow_player_pause=&#8221;off&#8221; background_video_pause_outside_viewport=&#8221;on&#8221; form_field_text_shadow_style=&#8221;none&#8221; box_shadow_style=&#8221;none&#8221; \/][et_pb_contact_field _builder_version=&#8221;3.0.101&#8243; field_id=&#8221;Localidad&#8221; field_title=&#8221;Location&#8221; field_type=&#8221;input&#8221; checkbox_checked=&#8221;off&#8221; checkbox_options=&#8221;%91{%22value%22:%22%22,%22checked%22:0}%93&#8243; radio_options=&#8221;%91{%22value%22:%22%22,%22checked%22:0}%93&#8243; select_options=&#8221;%91{%22value%22:%22%22,%22checked%22:0}%93&#8243; min_length=&#8221;0&#8243; max_length=&#8221;90&#8243; allowed_symbols=&#8221;all&#8221; required_mark=&#8221;on&#8221; conditional_logic=&#8221;off&#8221; conditional_logic_relation=&#8221;off&#8221; conditional_logic_rules=&#8221;%91{%22field%22:%22nombre%22,%22condition%22:%22is%22,%22value%22:%22%22}%93&#8243; use_background_color_gradient=&#8221;off&#8221; background_color_gradient_start=&#8221;#2b87da&#8221; background_color_gradient_end=&#8221;#29c4a9&#8243; background_color_gradient_type=&#8221;linear&#8221; background_color_gradient_direction=&#8221;180deg&#8221; background_color_gradient_direction_radial=&#8221;center&#8221; background_color_gradient_start_position=&#8221;0%&#8221; background_color_gradient_end_position=&#8221;100%&#8221; background_color_gradient_overlays_image=&#8221;off&#8221; parallax=&#8221;off&#8221; parallax_method=&#8221;on&#8221; background_size=&#8221;cover&#8221; background_position=&#8221;center&#8221; background_repeat=&#8221;no-repeat&#8221; background_blend=&#8221;normal&#8221; allow_player_pause=&#8221;off&#8221; background_video_pause_outside_viewport=&#8221;on&#8221; fullwidth_field=&#8221;off&#8221; form_field_text_shadow_style=&#8221;none&#8221; box_shadow_style=&#8221;none&#8221; form_field_text_shadow_horizontal_length=&#8221;0em&#8221; form_field_text_shadow_vertical_length=&#8221;0em&#8221; form_field_text_shadow_blur_strength=&#8221;0em&#8221; \/][et_pb_contact_field _builder_version=&#8221;3.0.101&#8243; field_id=&#8221;Pais&#8221; field_title=&#8221;Country&#8221; field_type=&#8221;input&#8221; checkbox_checked=&#8221;off&#8221; checkbox_options=&#8221;%91{%22value%22:%22%22,%22checked%22:0}%93&#8243; radio_options=&#8221;%91{%22value%22:%22%22,%22checked%22:0}%93&#8243; select_options=&#8221;%91{%22value%22:%22%22,%22checked%22:0}%93&#8243; min_length=&#8221;0&#8243; max_length=&#8221;90&#8243; allowed_symbols=&#8221;all&#8221; required_mark=&#8221;on&#8221; conditional_logic=&#8221;off&#8221; conditional_logic_relation=&#8221;off&#8221; conditional_logic_rules=&#8221;%91{%22field%22:%22nombre%22,%22condition%22:%22is%22,%22value%22:%22%22}%93&#8243; use_background_color_gradient=&#8221;off&#8221; background_color_gradient_start=&#8221;#2b87da&#8221; background_color_gradient_end=&#8221;#29c4a9&#8243; background_color_gradient_type=&#8221;linear&#8221; background_color_gradient_direction=&#8221;180deg&#8221; background_color_gradient_direction_radial=&#8221;center&#8221; background_color_gradient_start_position=&#8221;0%&#8221; background_color_gradient_end_position=&#8221;100%&#8221; background_color_gradient_overlays_image=&#8221;off&#8221; parallax=&#8221;off&#8221; parallax_method=&#8221;on&#8221; background_size=&#8221;cover&#8221; background_position=&#8221;center&#8221; background_repeat=&#8221;no-repeat&#8221; background_blend=&#8221;normal&#8221; allow_player_pause=&#8221;off&#8221; background_video_pause_outside_viewport=&#8221;on&#8221; fullwidth_field=&#8221;off&#8221; form_field_text_shadow_style=&#8221;none&#8221; box_shadow_style=&#8221;none&#8221; form_field_text_shadow_horizontal_length=&#8221;0em&#8221; form_field_text_shadow_vertical_length=&#8221;0em&#8221; form_field_text_shadow_blur_strength=&#8221;0em&#8221; \/][et_pb_contact_field field_title=&#8221;Message&#8221; field_type=&#8221;text&#8221; field_id=&#8221;Mensaje&#8221; required_mark=&#8221;on&#8221; fullwidth_field=&#8221;on&#8221; _builder_version=&#8221;3.0.101&#8243; checkbox_checked=&#8221;off&#8221; checkbox_options=&#8221;%91{%22value%22:%22Mensaje%22,%22checked%22:0}%93&#8243; radio_options=&#8221;%91{%22value%22:%22Mensaje%22,%22checked%22:0}%93&#8243; select_options=&#8221;%91{%22value%22:%22Mensaje%22,%22checked%22:0}%93&#8243; min_length=&#8221;0&#8243; max_length=&#8221;0&#8243; allowed_symbols=&#8221;all&#8221; conditional_logic=&#8221;off&#8221; conditional_logic_relation=&#8221;off&#8221; conditional_logic_rules=&#8221;%91{%22field%22:%22nombre%22,%22condition%22:%22is%22,%22value%22:%22%22}%93&#8243; use_background_color_gradient=&#8221;off&#8221; background_color_gradient_start=&#8221;#2b87da&#8221; background_color_gradient_end=&#8221;#29c4a9&#8243; background_color_gradient_type=&#8221;linear&#8221; background_color_gradient_direction=&#8221;180deg&#8221; background_color_gradient_direction_radial=&#8221;center&#8221; background_color_gradient_start_position=&#8221;0%&#8221; background_color_gradient_end_position=&#8221;100%&#8221; background_color_gradient_overlays_image=&#8221;off&#8221; parallax=&#8221;off&#8221; parallax_method=&#8221;on&#8221; background_size=&#8221;cover&#8221; background_position=&#8221;center&#8221; background_repeat=&#8221;no-repeat&#8221; background_blend=&#8221;normal&#8221; allow_player_pause=&#8221;off&#8221; background_video_pause_outside_viewport=&#8221;on&#8221; form_field_text_shadow_style=&#8221;none&#8221; box_shadow_style=&#8221;none&#8221; form_field_text_shadow_horizontal_length=&#8221;0em&#8221; form_field_text_shadow_vertical_length=&#8221;0em&#8221; form_field_text_shadow_blur_strength=&#8221;0em&#8221; \/][et_pb_contact_field _builder_version=&#8221;3.0.101&#8243; field_id=&#8221;Privacidad&#8221; field_type=&#8221;checkbox&#8221; checkbox_checked=&#8221;off&#8221; checkbox_options=&#8221;%91{%22value%22:%22I accept the Privacy Policy%22,%22checked%22:0}%93&#8243; radio_options=&#8221;%91{%22value%22:%22%22,%22checked%22:0}%93&#8243; select_options=&#8221;%91{%22value%22:%22%22,%22checked%22:0}%93&#8243; min_length=&#8221;0&#8243; max_length=&#8221;0&#8243; allowed_symbols=&#8221;all&#8221; required_mark=&#8221;on&#8221; conditional_logic=&#8221;off&#8221; conditional_logic_relation=&#8221;off&#8221; conditional_logic_rules=&#8221;%91{%22field%22:%22nombre%22,%22condition%22:%22is%22,%22value%22:%22%22}%93&#8243; use_background_color_gradient=&#8221;off&#8221; background_color_gradient_start=&#8221;#2b87da&#8221; background_color_gradient_end=&#8221;#29c4a9&#8243; background_color_gradient_type=&#8221;linear&#8221; background_color_gradient_direction=&#8221;180deg&#8221; background_color_gradient_direction_radial=&#8221;center&#8221; background_color_gradient_start_position=&#8221;0%&#8221; background_color_gradient_end_position=&#8221;100%&#8221; background_color_gradient_overlays_image=&#8221;off&#8221; parallax=&#8221;off&#8221; parallax_method=&#8221;on&#8221; background_size=&#8221;cover&#8221; background_position=&#8221;center&#8221; background_repeat=&#8221;no-repeat&#8221; background_blend=&#8221;normal&#8221; allow_player_pause=&#8221;off&#8221; background_video_pause_outside_viewport=&#8221;on&#8221; fullwidth_field=&#8221;on&#8221; form_field_text_shadow_style=&#8221;none&#8221; box_shadow_style=&#8221;none&#8221; field_title=&#8221; &#8221; form_field_text_shadow_horizontal_length=&#8221;0em&#8221; form_field_text_shadow_vertical_length=&#8221;0em&#8221; form_field_text_shadow_blur_strength=&#8221;0em&#8221; \/][\/et_pb_contact_form][\/et_pb_column][\/et_pb_row][\/et_pb_section]<\/p>\n","protected":false},"excerpt":{"rendered":"<p><div class=\"et_pb_row et_pb_row_0 et_pb_row_empty\">\n\t\t\t\t\n\t\t\t\t\n\t\t\t\t\n\t\t\t\t\n\t\t\t\t\n\t\t\t<\/div> To make your booking or ask for further information, do not hesitate to contact us Ctra. N-260 Km 444. 22340 Bolta\u00f1a (Huesca) &#8211;\u00a0Pirineo Aragon\u00e9s (Espa\u00f1a)\u00a0 Telf. 974 50 23 57 Emai:\u00a0info@campinglagorga.com<\/p>\n","protected":false},"author":1,"featured_media":0,"parent":0,"menu_order":0,"comment_status":"closed","ping_status":"closed","template":"","meta":{"_et_pb_use_builder":"on","_et_pb_old_content":"<p>Para realizar su reserva o cualquier consulta no dude en ponerse en contacto con nosotros<\/p><p style=\"text-align: center;\"><strong>Ctra. N-260 Km 444. 22340 Bolta\u00f1a (Huesca) -\u00a0Pirineo Aragon\u00e9s (Espa\u00f1a)\u00a0<\/strong><\/p><p style=\"text-align: center;\"><strong>Telf. 974 50 23 57 <\/strong><\/p><p style=\"text-align: center;\"><strong>Emai:\u00a0<a href=\"mailto:info@campinglagorga.com\">info@campinglagorga.com<\/a><\/strong><\/p>","_et_gb_content_width":"","footnotes":""},"class_list":["post-1966","page","type-page","status-publish","hentry"],"_links":{"self":[{"href":"https:\/\/campinglagorga.com\/en\/wp-json\/wp\/v2\/pages\/1966","targetHints":{"allow":["GET"]}}],"collection":[{"href":"https:\/\/campinglagorga.com\/en\/wp-json\/wp\/v2\/pages"}],"about":[{"href":"https:\/\/campinglagorga.com\/en\/wp-json\/wp\/v2\/types\/page"}],"author":[{"embeddable":true,"href":"https:\/\/campinglagorga.com\/en\/wp-json\/wp\/v2\/users\/1"}],"replies":[{"embeddable":true,"href":"https:\/\/campinglagorga.com\/en\/wp-json\/wp\/v2\/comments?post=1966"}],"version-history":[{"count":4,"href":"https:\/\/campinglagorga.com\/en\/wp-json\/wp\/v2\/pages\/1966\/revisions"}],"predecessor-version":[{"id":2963,"href":"https:\/\/campinglagorga.com\/en\/wp-json\/wp\/v2\/pages\/1966\/revisions\/2963"}],"wp:attachment":[{"href":"https:\/\/campinglagorga.com\/en\/wp-json\/wp\/v2\/media?parent=1966"}],"curies":[{"name":"wp","href":"https:\/\/api.w.org\/{rel}","templated":true}]}}