{"id":108,"date":"2012-01-31T14:52:49","date_gmt":"2012-01-31T14:52:49","guid":{"rendered":"http:\/\/campinglagorga.com\/camping-la-gorga-boltana-2\/"},"modified":"2012-01-31T14:52:49","modified_gmt":"2012-01-31T14:52:49","slug":"camping-la-gorga-boltana-2","status":"publish","type":"page","link":"https:\/\/campinglagorga.com\/fr\/camping-la-gorga-boltana-2\/","title":{"rendered":"Camping La Gorga Bolta\u00f1a"},"content":{"rendered":"<p style=\"text-align: center;\"><iframe loading=\"lazy\" allowfullscreen=\"\" frameborder=\"0\" height=\"360\" src=\"\/\/www.youtube.com\/embed\/XetkfkVMRv4\" width=\"640\"><\/iframe><\/p>\n<p>Le Camping La Gorga&nbsp;est construit en terrasses ombrag\u00e9es. Nos emplacements sont \u00e9quip\u00e9s pour recevoir tentes et caravanes. De plus, il se trouve au coeur du village de Bolta\u00f1a, son offre de services est donc \u00e0 votre disposition sans que vous ayez besoin de prendre la voiture. Mais ce que vous appr\u00e9cierez sans aucun doute le plus de notre \u00e9tablissement, c\u00b4est l\u00b4attention familiale et chaleureuse que nous nous effor\u00e7ons de vous donner, pour que vous gardiez un souvenir agr\u00e9able des Pyr\u00e9n\u00e9es.<\/p>\n<ul>\n<li>Sanitaires avec eau chaude gratuite..<\/li>\n<li>Bacs \u00e0 vaisselle avec eau chaude.<\/li>\n<li>WC chimique pour r\u00e9sidus de caravanes.<\/li>\n<li>Machines \u00e0 laver \/ Bacs pour laver le linge.<\/li>\n<li>Emplacements \u00e9quip\u00e9s pour recevoir tentes et caravanes, largement ombrag\u00e9s.<\/li>\n<li>Barbecues.<\/li>\n<li>Tables ext\u00e9rieures \u00e0 la disposition des campeurs.<\/li>\n<li>Nombreux points d\u00b4eau sur tous les emplacements.<\/li>\n<li>Prises de courant sur tous les emplacements.<\/li>\n<li>Acc\u00e8s goudronn\u00e9 \u00e0 tout le camping.<\/li>\n<li>Les animaux de compagnie sont accept\u00e9s si d\u00fbment attach\u00e9s.<\/li>\n<li>Service de m\u00e9nage et d&rsquo;entretien tous les jours.<\/li>\n<li>Piscine climatis\u00e9e<\/li>\n<\/ul>\n<p>&nbsp;<\/p>\n<p><img decoding=\"async\" alt=\"\" src=\"https:\/\/campinglagorga.com\/wp-content\/uploads\/2012\/01\/llegar_3.jpg\" style=\"width: 250px; height: 188px; border-width: 3px; border-style: solid; margin: 5px;\"><img decoding=\"async\" alt=\"\" src=\"https:\/\/campinglagorga.com\/wp-content\/uploads\/2012\/01\/llegar_6.jpg\" style=\"width: 250px; height: 188px; border-width: 3px; border-style: solid; margin: 5px;\"><img decoding=\"async\" alt=\"\" src=\"https:\/\/campinglagorga.com\/wp-content\/uploads\/2012\/01\/gorga_2.jpg\" style=\"width: 250px; height: 188px; border-width: 3px; border-style: solid; margin: 5px;\"><img decoding=\"async\" alt=\"\" src=\"https:\/\/campinglagorga.com\/wp-content\/uploads\/2012\/01\/galeria_17.jpg\" style=\"width: 250px; height: 188px; border-width: 3px; border-style: solid; margin: 5px;\"><img decoding=\"async\" alt=\"\" src=\"https:\/\/campinglagorga.com\/wp-content\/uploads\/2012\/01\/galeria_27.jpg\" style=\"width: 250px; height: 188px; border-width: 3px; border-style: solid; margin: 5px;\"><img decoding=\"async\" alt=\"\" src=\"https:\/\/campinglagorga.com\/wp-content\/uploads\/2012\/01\/camping_6_0.jpg\" style=\"width: 250px; height: 188px; border-width: 3px; border-style: solid; margin: 5px;\"><\/p>\n","protected":false},"excerpt":{"rendered":"<p>Le Camping La Gorga&nbsp;est construit en terrasses ombrag\u00e9es. Nos emplacements sont \u00e9quip\u00e9s pour recevoir tentes et caravanes. De plus, il se trouve au coeur du village de Bolta\u00f1a, son offre de services est donc \u00e0 votre disposition sans que vous ayez besoin de prendre la voiture. Mais ce que vous appr\u00e9cierez sans aucun doute le [&hellip;]<\/p>\n","protected":false},"author":1,"featured_media":56,"parent":0,"menu_order":0,"comment_status":"closed","ping_status":"closed","template":"","meta":{"_et_pb_use_builder":"on","_et_pb_old_content":"","_et_gb_content_width":"","footnotes":""},"class_list":["post-108","page","type-page","status-publish","has-post-thumbnail","hentry"],"_links":{"self":[{"href":"https:\/\/campinglagorga.com\/fr\/wp-json\/wp\/v2\/pages\/108","targetHints":{"allow":["GET"]}}],"collection":[{"href":"https:\/\/campinglagorga.com\/fr\/wp-json\/wp\/v2\/pages"}],"about":[{"href":"https:\/\/campinglagorga.com\/fr\/wp-json\/wp\/v2\/types\/page"}],"author":[{"embeddable":true,"href":"https:\/\/campinglagorga.com\/fr\/wp-json\/wp\/v2\/users\/1"}],"replies":[{"embeddable":true,"href":"https:\/\/campinglagorga.com\/fr\/wp-json\/wp\/v2\/comments?post=108"}],"version-history":[{"count":0,"href":"https:\/\/campinglagorga.com\/fr\/wp-json\/wp\/v2\/pages\/108\/revisions"}],"wp:featuredmedia":[{"embeddable":true,"href":"https:\/\/campinglagorga.com\/fr\/wp-json\/wp\/v2\/media\/56"}],"wp:attachment":[{"href":"https:\/\/campinglagorga.com\/fr\/wp-json\/wp\/v2\/media?parent=108"}],"curies":[{"name":"wp","href":"https:\/\/api.w.org\/{rel}","templated":true}]}}