{"id":112,"date":"2013-02-19T11:40:27","date_gmt":"2013-02-19T11:40:27","guid":{"rendered":"http:\/\/campinglagorga.com\/situation-camping-la-gorga-boltana-pirineo-aragones-2\/"},"modified":"2018-03-19T19:03:23","modified_gmt":"2018-03-19T19:03:23","slug":"situation-camping-la-gorga-boltana-pirineo-aragones-2","status":"publish","type":"page","link":"https:\/\/campinglagorga.com\/fr\/situation-camping-la-gorga-boltana-pirineo-aragones-2\/","title":{"rendered":"Situation Camping La Gorga &#8211; Bolta\u00f1a &#8211; Pirineo aragon\u00e9s"},"content":{"rendered":"<p>[et_pb_section bb_built=\u00a0\u00bb1&Prime; fullwidth=\u00a0\u00bbon\u00a0\u00bb specialty=\u00a0\u00bboff\u00a0\u00bb next_background_color=\u00a0\u00bb#000000&Prime;][et_pb_fullwidth_slider _builder_version=\u00a0\u00bb3.0.106&Prime; show_arrows=\u00a0\u00bbon\u00a0\u00bb show_pagination=\u00a0\u00bbon\u00a0\u00bb custom_button=\u00a0\u00bboff\u00a0\u00bb button_icon_placement=\u00a0\u00bbright\u00a0\u00bb show_content_on_mobile=\u00a0\u00bbon\u00a0\u00bb show_cta_on_mobile=\u00a0\u00bbon\u00a0\u00bb show_image_video_mobile=\u00a0\u00bboff\u00a0\u00bb][et_pb_slide _builder_version=\u00a0\u00bb3.0.106&Prime; heading=\u00a0\u00bbSituaci\u00f3n Camping &#8211; Bungalows %22La Gorga%22&Prime; use_background_color_gradient=\u00a0\u00bboff\u00a0\u00bb background_color_gradient_start=\u00a0\u00bb#2b87da\u00a0\u00bb background_color_gradient_end=\u00a0\u00bb#29c4a9&Prime; background_color_gradient_type=\u00a0\u00bblinear\u00a0\u00bb background_color_gradient_direction=\u00a0\u00bb180deg\u00a0\u00bb background_color_gradient_direction_radial=\u00a0\u00bbcenter\u00a0\u00bb background_color_gradient_start_position=\u00a0\u00bb0%\u00a0\u00bb background_color_gradient_end_position=\u00a0\u00bb100%\u00a0\u00bb background_color_gradient_overlays_image=\u00a0\u00bboff\u00a0\u00bb background_image=\u00a0\u00bbhttps:\/\/campinglagorga.com\/wp-content\/uploads\/2015\/07\/294_5.jpg\u00a0\u00bb parallax=\u00a0\u00bboff\u00a0\u00bb parallax_method=\u00a0\u00bbon\u00a0\u00bb background_size=\u00a0\u00bbcover\u00a0\u00bb background_position=\u00a0\u00bbcenter\u00a0\u00bb background_repeat=\u00a0\u00bbno-repeat\u00a0\u00bb background_blend=\u00a0\u00bbnormal\u00a0\u00bb allow_player_pause=\u00a0\u00bboff\u00a0\u00bb background_video_pause_outside_viewport=\u00a0\u00bbon\u00a0\u00bb use_bg_overlay=\u00a0\u00bboff\u00a0\u00bb use_text_overlay=\u00a0\u00bboff\u00a0\u00bb text_border_radius=\u00a0\u00bb3&Prime; alignment=\u00a0\u00bbcenter\u00a0\u00bb child_filter_hue_rotate=\u00a0\u00bb0deg\u00a0\u00bb child_filter_saturate=\u00a0\u00bb100%\u00a0\u00bb child_filter_brightness=\u00a0\u00bb100%\u00a0\u00bb child_filter_contrast=\u00a0\u00bb100%\u00a0\u00bb child_filter_invert=\u00a0\u00bb0%\u00a0\u00bb child_filter_sepia=\u00a0\u00bb0%\u00a0\u00bb child_filter_opacity=\u00a0\u00bb100%\u00a0\u00bb child_filter_blur=\u00a0\u00bb0px\u00a0\u00bb child_mix_blend_mode=\u00a0\u00bbnormal\u00a0\u00bb background_layout=\u00a0\u00bbdark\u00a0\u00bb text_shadow_style=\u00a0\u00bbnone\u00a0\u00bb header_text_shadow_style=\u00a0\u00bbnone\u00a0\u00bb body_text_shadow_style=\u00a0\u00bbnone\u00a0\u00bb custom_button=\u00a0\u00bboff\u00a0\u00bb button_bg_use_color_gradient=\u00a0\u00bboff\u00a0\u00bb button_bg_color_gradient_overlays_image=\u00a0\u00bboff\u00a0\u00bb button_use_icon=\u00a0\u00bbon\u00a0\u00bb button_on_hover=\u00a0\u00bbon\u00a0\u00bb button_text_shadow_style=\u00a0\u00bbnone\u00a0\u00bb box_shadow_style_button=\u00a0\u00bbnone\u00a0\u00bb \/][\/et_pb_fullwidth_slider][\/et_pb_section][et_pb_section bb_built=\u00a0\u00bb1&Prime; _builder_version=\u00a0\u00bb3.0.47&Prime; prev_background_color=\u00a0\u00bb#000000&Prime;][et_pb_row _builder_version=\u00a0\u00bb3.0.47&Prime; background_size=\u00a0\u00bbinitial\u00a0\u00bb background_position=\u00a0\u00bbtop_left\u00a0\u00bb background_repeat=\u00a0\u00bbrepeat\u00a0\u00bb][et_pb_column type=\u00a0\u00bb4_4&Prime;][et_pb_text admin_label=\u00a0\u00bbTITULO\u00a0\u00bb _builder_version=\u00a0\u00bb3.0.105&Prime; background_layout=\u00a0\u00bblight\u00a0\u00bb]<\/p>\n<h1 style=\"text-align: center;\">SITUATION CAMPING LA GORGA<\/h1>\n<p>[\/et_pb_text][et_pb_map address=\u00a0\u00bbDiseminado Camping, 22340 Bolta\u00f1a, Huesca, Espa\u00f1a\u00a0\u00bb _builder_version=\u00a0\u00bb3.0.100&Prime; zoom_level=\u00a0\u00bb16&Prime; _map_version=\u00a0\u00bb4&Prime; address_lat=\u00a0\u00bb42.443893570389&Prime; address_lng=\u00a0\u00bb0.066062620793224&Prime;][et_pb_map_pin title=\u00a0\u00bbCamping La Gorga\u00a0\u00bb pin_address=\u00a0\u00bbDiseminado Camping, 22340 Bolta\u00f1a, Huesca, Espa\u00f1a\u00a0\u00bb pin_address_lat=\u00a0\u00bb42.443762936095&Prime; pin_address_lng=\u00a0\u00bb0.065295509014959&Prime; _builder_version=\u00a0\u00bb3.0.100&Prime;][\/et_pb_map_pin][\/et_pb_map][et_pb_text admin_label=\u00a0\u00bbacceso desde\u00a0\u00bb _builder_version=\u00a0\u00bb3.0.105&Prime; background_size=\u00a0\u00bbinitial\u00a0\u00bb background_position=\u00a0\u00bbtop_left\u00a0\u00bb background_repeat=\u00a0\u00bbrepeat\u00a0\u00bb background_layout=\u00a0\u00bblight\u00a0\u00bb]<\/p>\n<h2 style=\"text-align: center;\">Acc\u00e8s<\/h2>\n<p style=\"text-align: center;\"><strong>Depuis le centre de l\u00b4Espagne et le Sud:<br \/>\n<\/strong>Madrid-Saragosse-Huesca-Barbastro-A\u00ednsa-Bolta\u00f1a. Total: 500 kms.<\/p>\n<p style=\"text-align: center;\"><strong>Depuis le Nord Est de l\u00b4Espagne:<br \/>\n<\/strong>Bilbao-Pampelune-Jaca-Bolta\u00f1a. Total: 353 kms.<br \/>\nPampelune-Jaca-Biescas-Bolta\u00f1a. Total: 195 kms.<\/p>\n<p style=\"text-align: center;\"><strong>Depuis la Catalogne et la r\u00e9gion de Valence:<br \/>\n<\/strong>Barcelone-L\u00e9rida-Barbastro-Ainsa-Bolta\u00f1a. Total: 296 kms.<br \/>\nL\u00e9rida-Barbastro-Ainsa-Bolta\u00f1a. Total 132 kms.<\/p>\n<p style=\"text-align: center;\"><strong>Depuis l\u00b4Europe<\/strong>:<br \/>\nParis-Toulouse-Lannemezan-Bolta\u00f1a. Total 902 kms.<br \/>\nLyon-Narbonne-Toulouse-Lannemezan-Bolta\u00f1a. Total: 795 kms.<\/p>\n<p style=\"text-align: center;\"><strong>Depuis le Portugal:<br \/>\n<\/strong>Lisbonne-Madrid-Saragosse-Huesca-Barbastro-A\u00ednsa-Bolta\u00f1a. Total: 1099 kms.<\/p>\n<p>[\/et_pb_text][\/et_pb_column][\/et_pb_row][\/et_pb_section]<\/p>\n","protected":false},"excerpt":{"rendered":"<p>SITUATION CAMPING LA GORGA Acc\u00e8s Depuis le centre de l\u00b4Espagne et le Sud: Madrid-Saragosse-Huesca-Barbastro-A\u00ednsa-Bolta\u00f1a. Total: 500 kms. Depuis le Nord Est de l\u00b4Espagne: Bilbao-Pampelune-Jaca-Bolta\u00f1a. Total: 353 kms. Pampelune-Jaca-Biescas-Bolta\u00f1a. Total: 195 kms. Depuis la Catalogne et la r\u00e9gion de Valence: Barcelone-L\u00e9rida-Barbastro-Ainsa-Bolta\u00f1a. Total: 296 kms. L\u00e9rida-Barbastro-Ainsa-Bolta\u00f1a. Total 132 kms. Depuis l\u00b4Europe: Paris-Toulouse-Lannemezan-Bolta\u00f1a. Total 902 kms. Lyon-Narbonne-Toulouse-Lannemezan-Bolta\u00f1a. Total: [&hellip;]<\/p>\n","protected":false},"author":1,"featured_media":0,"parent":0,"menu_order":0,"comment_status":"closed","ping_status":"closed","template":"","meta":{"_et_pb_use_builder":"on","_et_pb_old_content":"<p><strong>Acc\u00e8s<\/strong><\/p><ul><li><strong>Depuis le centre de l\u00b4Espagne et le Sud:<\/strong><ul><li>Madrid-Saragosse-Huesca-Barbastro-A\u00ednsa-Bolta\u00f1a. Total: 500 kms<\/li><\/ul><\/li><\/ul><p>\u00a0<\/p><ul><li><strong>Depuis le Nord Est de l\u00b4Espagne:<\/strong><ul><li>Bilbao-Pampelune-Jaca-Bolta\u00f1a. Total: 353 kms.<\/li><li>Pampelune-Jaca-Biescas-Bolta\u00f1a. Total: 195 kms.<\/li><\/ul><\/li><\/ul><p>\u00a0<\/p><ul><li><strong>Depuis la Catalogne et la r\u00e9gion de Valence:<\/strong><ul><li>Barcelone-L\u00e9rida-Barbastro-Ainsa-Bolta\u00f1a. Total: 296 kms.<\/li><li>L\u00e9rida-Barbastro-Ainsa-Bolta\u00f1a. Total 132 kms.<\/li><\/ul><\/li><\/ul><p>\u00a0<\/p><ul><li><strong>Depuis l\u00b4Europe<\/strong>:<ul><li>Paris-Toulouse-Lannemezan-Bolta\u00f1a. Total 902 kms.<\/li><li>Lyon-Narbonne-Toulouse-Lannemezan-Bolta\u00f1a. Total: 795 kms.<\/li><\/ul><\/li><li><strong>Depuis le Portugal:<\/strong><ul><li>Lisbonne-Madrid-Saragosse-Huesca-Barbastro-A\u00ednsa-Bolta\u00f1a. Total: 1099 kms.<\/li><\/ul><\/li><\/ul><p>\u00a0<\/p><p>\u00a0<\/p>","_et_gb_content_width":"","footnotes":""},"class_list":["post-112","page","type-page","status-publish","hentry"],"_links":{"self":[{"href":"https:\/\/campinglagorga.com\/fr\/wp-json\/wp\/v2\/pages\/112","targetHints":{"allow":["GET"]}}],"collection":[{"href":"https:\/\/campinglagorga.com\/fr\/wp-json\/wp\/v2\/pages"}],"about":[{"href":"https:\/\/campinglagorga.com\/fr\/wp-json\/wp\/v2\/types\/page"}],"author":[{"embeddable":true,"href":"https:\/\/campinglagorga.com\/fr\/wp-json\/wp\/v2\/users\/1"}],"replies":[{"embeddable":true,"href":"https:\/\/campinglagorga.com\/fr\/wp-json\/wp\/v2\/comments?post=112"}],"version-history":[{"count":10,"href":"https:\/\/campinglagorga.com\/fr\/wp-json\/wp\/v2\/pages\/112\/revisions"}],"predecessor-version":[{"id":2652,"href":"https:\/\/campinglagorga.com\/fr\/wp-json\/wp\/v2\/pages\/112\/revisions\/2652"}],"wp:attachment":[{"href":"https:\/\/campinglagorga.com\/fr\/wp-json\/wp\/v2\/media?parent=112"}],"curies":[{"name":"wp","href":"https:\/\/api.w.org\/{rel}","templated":true}]}}