{"id":116,"date":"2013-02-19T11:44:12","date_gmt":"2013-02-19T11:44:12","guid":{"rendered":"http:\/\/campinglagorga.com\/bienvenu\/"},"modified":"2013-02-19T11:44:12","modified_gmt":"2013-02-19T11:44:12","slug":"bienvenu","status":"publish","type":"page","link":"https:\/\/campinglagorga.com\/fr\/bienvenu\/","title":{"rendered":"Bienvenu"},"content":{"rendered":"<p><img decoding=\"async\" alt=\"\" src=\"\/campinglagorga\/sites\/default\/files\/bienvenida.jpg\" style=\"width: 300px; height: 225px; border-width: 3px; border-style: solid; margin: 5px; float: left;\"><\/p>\n<p>&nbsp;<\/p>\n<p>&nbsp;<\/p>\n<p>Vous venez sans doute de d\u00e9couvrir l\u00b4un des plus beaux endroits des Pyr\u00e9n\u00e9es Aragonaises. Situ\u00e9 \u00e0 Bolta\u00f1a, aux portes du Parc National d&rsquo;Ordesa et Mont Perdu, notre camping vous offre une ambiance calme et familiale, pour pouvoir profiter de toutes les activit\u00e9s sportives, de la nature et de la culture des Pyr\u00e9n\u00e9es.&nbsp;<\/p>\n<p>&nbsp;<\/p>\n<p>&nbsp;<\/p>\n<p>&nbsp;<\/p>\n<p>&nbsp;<\/p>\n<p>&nbsp;<\/p>\n<p>&nbsp;<\/p>\n","protected":false},"excerpt":{"rendered":"<p>&nbsp; &nbsp; Vous venez sans doute de d\u00e9couvrir l\u00b4un des plus beaux endroits des Pyr\u00e9n\u00e9es Aragonaises. Situ\u00e9 \u00e0 Bolta\u00f1a, aux portes du Parc National d&rsquo;Ordesa et Mont Perdu, notre camping vous offre une ambiance calme et familiale, pour pouvoir profiter de toutes les activit\u00e9s sportives, de la nature et de la culture des Pyr\u00e9n\u00e9es.&nbsp; &nbsp; [&hellip;]<\/p>\n","protected":false},"author":1,"featured_media":0,"parent":0,"menu_order":0,"comment_status":"closed","ping_status":"closed","template":"","meta":{"_et_pb_use_builder":"on","_et_pb_old_content":"<p><img style=\"width: 300px; height: 225px; border-width: 3px; border-style: solid; margin: 5px; float: left;\" src=\"\/campinglagorga\/sites\/default\/files\/bienvenida.jpg\" alt=\"\" \/><\/p><p>\u00a0<\/p><p>\u00a0<\/p><p>Without doubt, you have just discovered one of the most beautiful spots in the Aragonese Pyrenees. Our camping, located in Bolta\u00f1a, at the gates of the National Park of Ordesa and Monte Perdido, offers you a friendly and quiet atmosphere and from here you can enjoy your visit to the Pyrenees and the multiple choice of sports, nature and cultural activities.<\/p><p>\u00a0<\/p><p>\u00a0<\/p><p>\u00a0<\/p><p>\u00a0<\/p><p>\u00a0<\/p><p>\u00a0<\/p>","_et_gb_content_width":"","footnotes":""},"class_list":["post-116","page","type-page","status-publish","hentry"],"_links":{"self":[{"href":"https:\/\/campinglagorga.com\/fr\/wp-json\/wp\/v2\/pages\/116","targetHints":{"allow":["GET"]}}],"collection":[{"href":"https:\/\/campinglagorga.com\/fr\/wp-json\/wp\/v2\/pages"}],"about":[{"href":"https:\/\/campinglagorga.com\/fr\/wp-json\/wp\/v2\/types\/page"}],"author":[{"embeddable":true,"href":"https:\/\/campinglagorga.com\/fr\/wp-json\/wp\/v2\/users\/1"}],"replies":[{"embeddable":true,"href":"https:\/\/campinglagorga.com\/fr\/wp-json\/wp\/v2\/comments?post=116"}],"version-history":[{"count":0,"href":"https:\/\/campinglagorga.com\/fr\/wp-json\/wp\/v2\/pages\/116\/revisions"}],"wp:attachment":[{"href":"https:\/\/campinglagorga.com\/fr\/wp-json\/wp\/v2\/media?parent=116"}],"curies":[{"name":"wp","href":"https:\/\/api.w.org\/{rel}","templated":true}]}}