{"id":1876,"date":"2013-05-10T09:10:19","date_gmt":"2013-05-10T09:10:19","guid":{"rendered":"http:\/\/campinglagorga.com\/la-gorga\/"},"modified":"2020-01-28T12:26:53","modified_gmt":"2020-01-28T12:26:53","slug":"la-gorga","status":"publish","type":"page","link":"https:\/\/campinglagorga.com\/fr\/la-gorga\/","title":{"rendered":"La Gorga"},"content":{"rendered":"<p>[et_pb_section][et_pb_row][et_pb_column type=\u00a0\u00bb4_4&Prime;][et_pb_text]<\/p>\n<p><strong>El Camping La Gorga<\/strong>\u00a0recibe su nombre de la magn\u00edfica \u00ab\u00a0piscina natural\u00a0\u00bb que el r\u00edo Ara, uno de los m\u00e1s v\u00edrgenes del Pirineo, forma al llegar a Bolta\u00f1a. Este curioso espacio natural se encuentra a escasa distancia del camping lo que le permitir\u00e1 disfrutar c\u00f3modamente de un agradable ba\u00f1o. \u00ab\u00a0La Gorga\u00a0\u00bb dispone de un f\u00e1cil y c\u00f3modo acceso en sus dos orillas y est\u00e1 acondicionada para el ba\u00f1o tanto de mayores como de los m\u00e1s peque\u00f1os. Sin duda, los que deciden darse un chapuz\u00f3n en \u00ab\u00a0La Gorga\u00a0\u00bb descubren una de las formas m\u00e1s divertidas y refrescantes de disfrutar del ba\u00f1o.<\/p>\n<style type=\"text\/css\">\n#foogallery-gallery-2715.fg-justified .fg-item { margin-right: 1px; margin-bottom: 1px; }\n#foogallery-gallery-2715.fg-justified .fg-image { height: 150px; }<\/style>\n\t\t\t<style type=\"text\/css\">\n#foogallery-gallery-2715_1.fg-justified .fg-item { margin-right: 1px; margin-bottom: 1px; }\n#foogallery-gallery-2715_1.fg-justified .fg-image { height: 150px; }<\/style>\n\t\t\t<div class=\"foogallery foogallery-container foogallery-justified foogallery-lightbox-foobox fg-justified fg-ready fg-light fg-border-thin fg-shadow-outline fg-loading-default fg-loaded-fade-in fg-caption-hover fg-hover-fade fg-hover-zoom\" id=\"foogallery-gallery-2715_1\" data-foogallery=\"{&quot;item&quot;:{&quot;showCaptionTitle&quot;:true,&quot;showCaptionDescription&quot;:true},&quot;lazy&quot;:true,&quot;template&quot;:{&quot;rowHeight&quot;:150,&quot;maxRowHeight&quot;:300,&quot;margins&quot;:1,&quot;align&quot;:&quot;center&quot;,&quot;lastRow&quot;:&quot;smart&quot;}}\" style=\"--fg-title-line-clamp: 0; --fg-description-line-clamp: 0;\" >\n\t<div class=\"fg-item fg-type-image fg-idle\"><figure class=\"fg-item-inner\"><a href=\"https:\/\/campinglagorga.com\/wp-content\/uploads\/2018\/02\/p1010384.jpg\" data-caption-title=\"Camping La Gorga Bolta\u00f1a Ordesa Pirineos\" data-caption-desc=\"Camping La Gorga Bolta\u00f1a Sobrarbe Pirineo Pirineos\" data-attachment-id=\"2135\" data-type=\"image\" class=\"fg-thumb\"><span class=\"fg-image-wrap\"><img fetchpriority=\"high\" decoding=\"async\" alt=\"Camping La Gorga Bolta\u00f1a Sobrarbe Pirineo Pirineos\" title=\"Camping La Gorga Bolta\u00f1a Ordesa Pirineos\" height=\"300\" width=\"400\" class=\"skip-lazy fg-image\" data-src-fg=\"https:\/\/campinglagorga.com\/wp-content\/uploads\/cache\/2018\/02\/p1010384\/1453663447.jpg\" src=\"data:image\/svg+xml,%3Csvg%20xmlns%3D%22http%3A%2F%2Fwww.w3.org%2F2000%2Fsvg%22%20width%3D%22400%22%20height%3D%22300%22%20viewBox%3D%220%200%20400%20300%22%3E%3C%2Fsvg%3E\" loading=\"eager\"><\/span><span class=\"fg-image-overlay\"><\/span><\/a><figcaption class=\"fg-caption\"><div class=\"fg-caption-inner\"><div class=\"fg-caption-title\">Camping La Gorga Bolta\u00f1a Ordesa Pirineos<\/div><div class=\"fg-caption-desc\">Camping La Gorga Bolta\u00f1a Sobrarbe Pirineo Pirineos<\/div><\/div><\/figcaption><\/figure><div class=\"fg-loader\"><\/div><\/div><div class=\"fg-item fg-type-image fg-idle\"><figure class=\"fg-item-inner\"><a href=\"https:\/\/campinglagorga.com\/wp-content\/uploads\/2018\/04\/IMG_0418.jpg\" data-caption-title=\"Camping La Gorga Bolta\u00f1a Ordesa Pirineos\" data-caption-desc=\"Camping La Gorga Bolta\u00f1a Sobrarbe Pirineo Pirineos\" data-attachment-id=\"2716\" data-type=\"image\" class=\"fg-thumb\"><span class=\"fg-image-wrap\"><img decoding=\"async\" alt=\"Camping La Gorga Bolta\u00f1a Sobrarbe Pirineo Pirineos\" title=\"Camping La Gorga Bolta\u00f1a Ordesa Pirineos\" height=\"300\" width=\"400\" class=\"skip-lazy fg-image\" data-src-fg=\"https:\/\/campinglagorga.com\/wp-content\/uploads\/cache\/2018\/04\/IMG_0418\/3926367066.jpg\" src=\"data:image\/svg+xml,%3Csvg%20xmlns%3D%22http%3A%2F%2Fwww.w3.org%2F2000%2Fsvg%22%20width%3D%22400%22%20height%3D%22300%22%20viewBox%3D%220%200%20400%20300%22%3E%3C%2Fsvg%3E\" loading=\"eager\"><\/span><span class=\"fg-image-overlay\"><\/span><\/a><figcaption class=\"fg-caption\"><div class=\"fg-caption-inner\"><div class=\"fg-caption-title\">Camping La Gorga Bolta\u00f1a Ordesa Pirineos<\/div><div class=\"fg-caption-desc\">Camping La Gorga Bolta\u00f1a Sobrarbe Pirineo Pirineos<\/div><\/div><\/figcaption><\/figure><div class=\"fg-loader\"><\/div><\/div><div class=\"fg-item fg-type-image fg-idle\"><figure class=\"fg-item-inner\"><a href=\"https:\/\/campinglagorga.com\/wp-content\/uploads\/2018\/04\/gorga1.jpg\" data-caption-title=\"Camping La Gorga Bolta\u00f1a Ordesa Pirineos\" data-caption-desc=\"Camping La Gorga Bolta\u00f1a Sobrarbe Pirineo Pirineos\" data-attachment-id=\"3449\" data-type=\"image\" class=\"fg-thumb\"><span class=\"fg-image-wrap\"><img decoding=\"async\" alt=\"Camping La Gorga Bolta\u00f1a Sobrarbe Pirineo Pirineos\" title=\"Camping La Gorga Bolta\u00f1a Ordesa Pirineos\" height=\"300\" width=\"300\" class=\"skip-lazy fg-image\" data-src-fg=\"https:\/\/campinglagorga.com\/wp-content\/uploads\/2018\/04\/gorga1.jpg\" src=\"data:image\/svg+xml,%3Csvg%20xmlns%3D%22http%3A%2F%2Fwww.w3.org%2F2000%2Fsvg%22%20width%3D%22300%22%20height%3D%22300%22%20viewBox%3D%220%200%20300%20300%22%3E%3C%2Fsvg%3E\" loading=\"eager\"><\/span><span class=\"fg-image-overlay\"><\/span><\/a><figcaption class=\"fg-caption\"><div class=\"fg-caption-inner\"><div class=\"fg-caption-title\">Camping La Gorga Bolta\u00f1a Ordesa Pirineos<\/div><div class=\"fg-caption-desc\">Camping La Gorga Bolta\u00f1a Sobrarbe Pirineo Pirineos<\/div><\/div><\/figcaption><\/figure><div class=\"fg-loader\"><\/div><\/div><div class=\"fg-item fg-type-image fg-idle\"><figure class=\"fg-item-inner\"><a href=\"https:\/\/campinglagorga.com\/wp-content\/uploads\/2013\/05\/p1010379.jpg\" data-caption-title=\"Camping La Gorga Bolta\u00f1a Ordesa Pirineos\" data-attachment-id=\"135\" data-type=\"image\" class=\"fg-thumb\"><span class=\"fg-image-wrap\"><img decoding=\"async\" alt=\"p1010379.jpg\" title=\"Camping La Gorga Bolta\u00f1a Ordesa Pirineos\" height=\"300\" width=\"400\" class=\"skip-lazy fg-image\" data-src-fg=\"https:\/\/campinglagorga.com\/wp-content\/uploads\/cache\/2013\/05\/p1010379\/1461535029.jpg\" src=\"data:image\/svg+xml,%3Csvg%20xmlns%3D%22http%3A%2F%2Fwww.w3.org%2F2000%2Fsvg%22%20width%3D%22400%22%20height%3D%22300%22%20viewBox%3D%220%200%20400%20300%22%3E%3C%2Fsvg%3E\" loading=\"eager\"><\/span><span class=\"fg-image-overlay\"><\/span><\/a><figcaption class=\"fg-caption\"><div class=\"fg-caption-inner\"><div class=\"fg-caption-title\">Camping La Gorga Bolta\u00f1a Ordesa Pirineos<\/div><\/div><\/figcaption><\/figure><div class=\"fg-loader\"><\/div><\/div><div class=\"fg-item fg-type-image fg-idle\"><figure class=\"fg-item-inner\"><a href=\"https:\/\/campinglagorga.com\/wp-content\/uploads\/2018\/04\/gorga3-1.jpg\" data-caption-title=\"Camping La Gorga Bolta\u00f1a Ordesa Pirineos\" data-caption-desc=\"Camping La Gorga Bolta\u00f1a Sobrarbe Pirineo Pirineos\" data-attachment-id=\"3452\" data-type=\"image\" class=\"fg-thumb\"><span class=\"fg-image-wrap\"><img decoding=\"async\" alt=\"Camping La Gorga Bolta\u00f1a Sobrarbe Pirineo Pirineos\" title=\"Camping La Gorga Bolta\u00f1a Ordesa Pirineos\" height=\"300\" width=\"300\" class=\"skip-lazy fg-image\" data-src-fg=\"https:\/\/campinglagorga.com\/wp-content\/uploads\/2018\/04\/gorga3-1.jpg\" src=\"data:image\/svg+xml,%3Csvg%20xmlns%3D%22http%3A%2F%2Fwww.w3.org%2F2000%2Fsvg%22%20width%3D%22300%22%20height%3D%22300%22%20viewBox%3D%220%200%20300%20300%22%3E%3C%2Fsvg%3E\" loading=\"eager\"><\/span><span class=\"fg-image-overlay\"><\/span><\/a><figcaption class=\"fg-caption\"><div class=\"fg-caption-inner\"><div class=\"fg-caption-title\">Camping La Gorga Bolta\u00f1a Ordesa Pirineos<\/div><div class=\"fg-caption-desc\">Camping La Gorga Bolta\u00f1a Sobrarbe Pirineo Pirineos<\/div><\/div><\/figcaption><\/figure><div class=\"fg-loader\"><\/div><\/div><\/div>\n\n<p>[\/et_pb_text][\/et_pb_column][\/et_pb_row][\/et_pb_section]<\/p>\n","protected":false},"excerpt":{"rendered":"<p><div class=\"et_pb_section et_pb_section_0 et_section_regular\" >\n\t\t\t\t\n\t\t\t\t\n\t\t\t\t\n\t\t\t\t\n\t\t\t\t\n\t\t\t\t\n\t\t\t\t\n\t\t\t\t\n\t\t\t\t\n\t\t\t<\/div><div class=\"et_pb_row et_pb_row_0 et_pb_row_empty\">\n\t\t\t\t\n\t\t\t\t\n\t\t\t\t\n\t\t\t\t\n\t\t\t\t\n\t\t\t<\/div><div class=\"et_pb_module et_pb_text et_pb_text_0  et_pb_text_align_left et_pb_bg_layout_light\">\n\t\t\t\t\n\t\t\t\t\n\t\t\t\t\n\t\t\t\t\n\t\t\t\t\n\t\t\t<\/div> El Camping La Gorga\u00a0recibe su nombre de la magn\u00edfica \u00ab\u00a0piscina natural\u00a0\u00bb que el r\u00edo Ara, uno de los m\u00e1s v\u00edrgenes del Pirineo, forma al llegar a Bolta\u00f1a. Este curioso espacio natural se encuentra a escasa distancia del camping lo que le permitir\u00e1 disfrutar c\u00f3modamente de un agradable ba\u00f1o. \u00ab\u00a0La Gorga\u00a0\u00bb dispone de un f\u00e1cil [&hellip;]<\/p>\n","protected":false},"author":1,"featured_media":128,"parent":0,"menu_order":0,"comment_status":"closed","ping_status":"closed","template":"","meta":{"_et_pb_use_builder":"on","_et_pb_old_content":"<p><strong>El Camping La Gorga<\/strong>\u00a0recibe su nombre de la magn\u00edfica \"piscina natural\" que el r\u00edo Ara, uno de los m\u00e1s v\u00edrgenes del Pirineo, forma al llegar a Bolta\u00f1a. Este curioso espacio natural se encuentra a escasa distancia del camping lo que le permitir\u00e1 disfrutar c\u00f3modamente de un agradable ba\u00f1o. \"La Gorga\" dispone de un f\u00e1cil y c\u00f3modo acceso en sus dos orillas y est\u00e1 acondicionada para el ba\u00f1o tanto de mayores como de los m\u00e1s peque\u00f1os. Sin duda, los que deciden darse un chapuz\u00f3n en \"La Gorga\" descubren una de las formas m\u00e1s divertidas y refrescantes de disfrutar del ba\u00f1o.<\/p><p>[foogallery id=\"2715\"]<\/p>","_et_gb_content_width":"","footnotes":""},"class_list":["post-1876","page","type-page","status-publish","has-post-thumbnail","hentry"],"_links":{"self":[{"href":"https:\/\/campinglagorga.com\/fr\/wp-json\/wp\/v2\/pages\/1876","targetHints":{"allow":["GET"]}}],"collection":[{"href":"https:\/\/campinglagorga.com\/fr\/wp-json\/wp\/v2\/pages"}],"about":[{"href":"https:\/\/campinglagorga.com\/fr\/wp-json\/wp\/v2\/types\/page"}],"author":[{"embeddable":true,"href":"https:\/\/campinglagorga.com\/fr\/wp-json\/wp\/v2\/users\/1"}],"replies":[{"embeddable":true,"href":"https:\/\/campinglagorga.com\/fr\/wp-json\/wp\/v2\/comments?post=1876"}],"version-history":[{"count":2,"href":"https:\/\/campinglagorga.com\/fr\/wp-json\/wp\/v2\/pages\/1876\/revisions"}],"predecessor-version":[{"id":3116,"href":"https:\/\/campinglagorga.com\/fr\/wp-json\/wp\/v2\/pages\/1876\/revisions\/3116"}],"wp:featuredmedia":[{"embeddable":true,"href":"https:\/\/campinglagorga.com\/fr\/wp-json\/wp\/v2\/media\/128"}],"wp:attachment":[{"href":"https:\/\/campinglagorga.com\/fr\/wp-json\/wp\/v2\/media?parent=1876"}],"curies":[{"name":"wp","href":"https:\/\/api.w.org\/{rel}","templated":true}]}}