{"id":1967,"date":"2018-02-09T15:28:30","date_gmt":"2018-02-09T15:28:30","guid":{"rendered":"http:\/\/campinglagorga.com\/contactar\/"},"modified":"2018-09-07T09:18:38","modified_gmt":"2018-09-07T09:18:38","slug":"contact","status":"publish","type":"page","link":"https:\/\/campinglagorga.com\/fr\/contact\/","title":{"rendered":"Contact"},"content":{"rendered":"<p>[et_pb_section bb_built=\u00a0\u00bb1&Prime;][et_pb_row][et_pb_column type=\u00a0\u00bb4_4&Prime;][et_pb_text _builder_version=\u00a0\u00bb3.0.101&Prime; background_layout=\u00a0\u00bblight\u00a0\u00bb]<\/p>\n<div class=\"field field-name-body field-type-text-with-summary field-label-hidden\">\n<div class=\"field-items\">\n<div class=\"field-item even\">\n<p style=\"text-align: center;\">Pour faire une r\u00e9servation ou pour de plus amples informations, n\u00b4h\u00e9sitez \u00e0 nous contacter:<\/p>\n<\/div>\n<\/div>\n<\/div>\n<p style=\"text-align: center;\"><strong>Ctra. N-260 Km 444. 22340 Bolta\u00f1a (Huesca) &#8211;\u00a0Pirineo Aragon\u00e9s (Espa\u00f1a)\u00a0<\/strong><\/p>\n<p style=\"text-align: center;\"><strong>Telf. 974 50 23 57 <\/strong><\/p>\n<p style=\"text-align: center;\"><strong>Emai:\u00a0<a href=\"mailto:info@campinglagorga.com\">info@campinglagorga.com<\/a><\/strong><\/p>\n<p>[\/et_pb_text][et_pb_contact_form admin_label=\u00a0\u00bbFormulaire de contact\u00a0\u00bb _builder_version=\u00a0\u00bb3.12.2&Prime; success_message=\u00a0\u00bbMessage envoy\u00e9 avec succ\u00e8s\u00a0\u00bb email=\u00a0\u00bbinfo@campinglagorga.com\u00a0\u00bb custom_message=\u00a0\u00bbMensaje enviado desde el formulario de contacto franc\u00e9s de campinglagorga.com.||et_pb_line_break_holder||||et_pb_line_break_holder||- Nombre: %%Nombre%%||et_pb_line_break_holder||- Apellidos: %%Apellidos%%||et_pb_line_break_holder||- Email: %%Email%%||et_pb_line_break_holder||- Tel\u00e9fono: %%Telefono%%||et_pb_line_break_holder||- Localidad: %%Localidad%%||et_pb_line_break_holder||- Pais: %%Pais%%||et_pb_line_break_holder||- Mensaje: %%Mensaje%%\u00a0\u00bb title=\u00a0\u00bbFormulaire de contact:\u00a0\u00bb][et_pb_contact_field field_title=\u00a0\u00bbPr\u00e9nom\u00a0\u00bb field_type=\u00a0\u00bbinput\u00a0\u00bb field_id=\u00a0\u00bbNombre\u00a0\u00bb required_mark=\u00a0\u00bbon\u00a0\u00bb fullwidth_field=\u00a0\u00bboff\u00a0\u00bb _builder_version=\u00a0\u00bb3.0.101&Prime; checkbox_checked=\u00a0\u00bboff\u00a0\u00bb checkbox_options=\u00a0\u00bb%91{%22value%22:%22Nombre%22,%22checked%22:0}%93&Prime; radio_options=\u00a0\u00bb%91{%22value%22:%22Nombre%22,%22checked%22:0}%93&Prime; select_options=\u00a0\u00bb%91{%22value%22:%22Nombre%22,%22checked%22:0}%93&Prime; min_length=\u00a0\u00bb0&Prime; max_length=\u00a0\u00bb100&Prime; allowed_symbols=\u00a0\u00bball\u00a0\u00bb conditional_logic=\u00a0\u00bboff\u00a0\u00bb conditional_logic_relation=\u00a0\u00bboff\u00a0\u00bb conditional_logic_rules=\u00a0\u00bb%91{%22field%22:%22apellidos%22,%22condition%22:%22is%22,%22value%22:%22%22}%93&Prime; use_background_color_gradient=\u00a0\u00bboff\u00a0\u00bb background_color_gradient_start=\u00a0\u00bb#2b87da\u00a0\u00bb background_color_gradient_end=\u00a0\u00bb#29c4a9&Prime; background_color_gradient_type=\u00a0\u00bblinear\u00a0\u00bb background_color_gradient_direction=\u00a0\u00bb180deg\u00a0\u00bb background_color_gradient_direction_radial=\u00a0\u00bbcenter\u00a0\u00bb background_color_gradient_start_position=\u00a0\u00bb0%\u00a0\u00bb background_color_gradient_end_position=\u00a0\u00bb100%\u00a0\u00bb background_color_gradient_overlays_image=\u00a0\u00bboff\u00a0\u00bb parallax=\u00a0\u00bboff\u00a0\u00bb parallax_method=\u00a0\u00bbon\u00a0\u00bb background_size=\u00a0\u00bbcover\u00a0\u00bb background_position=\u00a0\u00bbcenter\u00a0\u00bb background_repeat=\u00a0\u00bbno-repeat\u00a0\u00bb background_blend=\u00a0\u00bbnormal\u00a0\u00bb allow_player_pause=\u00a0\u00bboff\u00a0\u00bb background_video_pause_outside_viewport=\u00a0\u00bbon\u00a0\u00bb form_field_text_shadow_style=\u00a0\u00bbnone\u00a0\u00bb box_shadow_style=\u00a0\u00bbnone\u00a0\u00bb form_field_text_shadow_horizontal_length=\u00a0\u00bb0em\u00a0\u00bb form_field_text_shadow_vertical_length=\u00a0\u00bb0em\u00a0\u00bb form_field_text_shadow_blur_strength=\u00a0\u00bb0em\u00a0\u00bb \/][et_pb_contact_field field_title=\u00a0\u00bbPr\u00e9nom\u00a0\u00bb field_type=\u00a0\u00bbinput\u00a0\u00bb field_id=\u00a0\u00bbApellidos\u00a0\u00bb required_mark=\u00a0\u00bbon\u00a0\u00bb fullwidth_field=\u00a0\u00bboff\u00a0\u00bb _builder_version=\u00a0\u00bb3.0.101&Prime; checkbox_checked=\u00a0\u00bboff\u00a0\u00bb checkbox_options=\u00a0\u00bb%91{%22value%22:%22Nombre%22,%22checked%22:0}%93&Prime; radio_options=\u00a0\u00bb%91{%22value%22:%22Nombre%22,%22checked%22:0}%93&Prime; select_options=\u00a0\u00bb%91{%22value%22:%22Nombre%22,%22checked%22:0}%93&Prime; min_length=\u00a0\u00bb0&Prime; max_length=\u00a0\u00bb101&Prime; allowed_symbols=\u00a0\u00bball\u00a0\u00bb conditional_logic=\u00a0\u00bboff\u00a0\u00bb conditional_logic_relation=\u00a0\u00bboff\u00a0\u00bb conditional_logic_rules=\u00a0\u00bb%91{%22field%22:%22nombre%22,%22condition%22:%22is%22,%22value%22:%22%22}%93&Prime; use_background_color_gradient=\u00a0\u00bboff\u00a0\u00bb background_color_gradient_start=\u00a0\u00bb#2b87da\u00a0\u00bb background_color_gradient_end=\u00a0\u00bb#29c4a9&Prime; background_color_gradient_type=\u00a0\u00bblinear\u00a0\u00bb background_color_gradient_direction=\u00a0\u00bb180deg\u00a0\u00bb background_color_gradient_direction_radial=\u00a0\u00bbcenter\u00a0\u00bb background_color_gradient_start_position=\u00a0\u00bb0%\u00a0\u00bb background_color_gradient_end_position=\u00a0\u00bb100%\u00a0\u00bb background_color_gradient_overlays_image=\u00a0\u00bboff\u00a0\u00bb parallax=\u00a0\u00bboff\u00a0\u00bb parallax_method=\u00a0\u00bbon\u00a0\u00bb background_size=\u00a0\u00bbcover\u00a0\u00bb background_position=\u00a0\u00bbcenter\u00a0\u00bb background_repeat=\u00a0\u00bbno-repeat\u00a0\u00bb background_blend=\u00a0\u00bbnormal\u00a0\u00bb allow_player_pause=\u00a0\u00bboff\u00a0\u00bb background_video_pause_outside_viewport=\u00a0\u00bbon\u00a0\u00bb form_field_text_shadow_style=\u00a0\u00bbnone\u00a0\u00bb box_shadow_style=\u00a0\u00bbnone\u00a0\u00bb form_field_text_shadow_horizontal_length=\u00a0\u00bb0em\u00a0\u00bb form_field_text_shadow_vertical_length=\u00a0\u00bb0em\u00a0\u00bb form_field_text_shadow_blur_strength=\u00a0\u00bb0em\u00a0\u00bb \/][et_pb_contact_field _builder_version=\u00a0\u00bb3.0.101&Prime; field_id=\u00a0\u00bbTelefono\u00a0\u00bb field_title=\u00a0\u00bb Num.t\u00e9l\u00e9phone\u00a0\u00bb field_type=\u00a0\u00bbinput\u00a0\u00bb checkbox_checked=\u00a0\u00bboff\u00a0\u00bb checkbox_options=\u00a0\u00bb%91{%22value%22:%22%22,%22checked%22:0}%93&Prime; radio_options=\u00a0\u00bb%91{%22value%22:%22%22,%22checked%22:0}%93&Prime; select_options=\u00a0\u00bb%91{%22value%22:%22%22,%22checked%22:0}%93&Prime; min_length=\u00a0\u00bb0&Prime; max_length=\u00a0\u00bb49&Prime; allowed_symbols=\u00a0\u00bbalphanumeric\u00a0\u00bb required_mark=\u00a0\u00bbon\u00a0\u00bb conditional_logic=\u00a0\u00bboff\u00a0\u00bb conditional_logic_relation=\u00a0\u00bboff\u00a0\u00bb conditional_logic_rules=\u00a0\u00bb%91{%22field%22:%22nombre%22,%22condition%22:%22is%22,%22value%22:%22%22}%93&Prime; use_background_color_gradient=\u00a0\u00bboff\u00a0\u00bb background_color_gradient_start=\u00a0\u00bb#2b87da\u00a0\u00bb background_color_gradient_end=\u00a0\u00bb#29c4a9&Prime; background_color_gradient_type=\u00a0\u00bblinear\u00a0\u00bb background_color_gradient_direction=\u00a0\u00bb180deg\u00a0\u00bb background_color_gradient_direction_radial=\u00a0\u00bbcenter\u00a0\u00bb background_color_gradient_start_position=\u00a0\u00bb0%\u00a0\u00bb background_color_gradient_end_position=\u00a0\u00bb100%\u00a0\u00bb background_color_gradient_overlays_image=\u00a0\u00bboff\u00a0\u00bb parallax=\u00a0\u00bboff\u00a0\u00bb parallax_method=\u00a0\u00bbon\u00a0\u00bb background_size=\u00a0\u00bbcover\u00a0\u00bb background_position=\u00a0\u00bbcenter\u00a0\u00bb background_repeat=\u00a0\u00bbno-repeat\u00a0\u00bb background_blend=\u00a0\u00bbnormal\u00a0\u00bb allow_player_pause=\u00a0\u00bboff\u00a0\u00bb background_video_pause_outside_viewport=\u00a0\u00bbon\u00a0\u00bb fullwidth_field=\u00a0\u00bboff\u00a0\u00bb form_field_text_shadow_style=\u00a0\u00bbnone\u00a0\u00bb box_shadow_style=\u00a0\u00bbnone\u00a0\u00bb form_field_text_shadow_horizontal_length=\u00a0\u00bb0em\u00a0\u00bb form_field_text_shadow_vertical_length=\u00a0\u00bb0em\u00a0\u00bb form_field_text_shadow_blur_strength=\u00a0\u00bb0em\u00a0\u00bb \/][et_pb_contact_field field_title=\u00a0\u00bbAdresse email \u00a0\u00bb field_type=\u00a0\u00bbemail\u00a0\u00bb field_id=\u00a0\u00bbEmail\u00a0\u00bb required_mark=\u00a0\u00bbon\u00a0\u00bb fullwidth_field=\u00a0\u00bboff\u00a0\u00bb _builder_version=\u00a0\u00bb3.0.101&Prime; checkbox_checked=\u00a0\u00bboff\u00a0\u00bb checkbox_options=\u00a0\u00bb%91{%22value%22:%22Direcci\u00f3n de correo electr\u00f3nico%22,%22checked%22:0}%93&Prime; radio_options=\u00a0\u00bb%91{%22value%22:%22Direcci\u00f3n de correo electr\u00f3nico%22,%22checked%22:0}%93&Prime; select_options=\u00a0\u00bb%91{%22value%22:%22Direcci\u00f3n de correo electr\u00f3nico%22,%22checked%22:0}%93&Prime; min_length=\u00a0\u00bb0&Prime; max_length=\u00a0\u00bb0&Prime; allowed_symbols=\u00a0\u00bball\u00a0\u00bb conditional_logic=\u00a0\u00bboff\u00a0\u00bb conditional_logic_relation=\u00a0\u00bboff\u00a0\u00bb conditional_logic_rules=\u00a0\u00bb%91{%22field%22:%22nombre%22,%22condition%22:%22is%22,%22value%22:%22%22}%93&Prime; use_background_color_gradient=\u00a0\u00bboff\u00a0\u00bb background_color_gradient_start=\u00a0\u00bb#2b87da\u00a0\u00bb background_color_gradient_end=\u00a0\u00bb#29c4a9&Prime; background_color_gradient_type=\u00a0\u00bblinear\u00a0\u00bb background_color_gradient_direction=\u00a0\u00bb180deg\u00a0\u00bb background_color_gradient_direction_radial=\u00a0\u00bbcenter\u00a0\u00bb background_color_gradient_start_position=\u00a0\u00bb0%\u00a0\u00bb background_color_gradient_end_position=\u00a0\u00bb100%\u00a0\u00bb background_color_gradient_overlays_image=\u00a0\u00bboff\u00a0\u00bb parallax=\u00a0\u00bboff\u00a0\u00bb parallax_method=\u00a0\u00bbon\u00a0\u00bb background_size=\u00a0\u00bbcover\u00a0\u00bb background_position=\u00a0\u00bbcenter\u00a0\u00bb background_repeat=\u00a0\u00bbno-repeat\u00a0\u00bb background_blend=\u00a0\u00bbnormal\u00a0\u00bb allow_player_pause=\u00a0\u00bboff\u00a0\u00bb background_video_pause_outside_viewport=\u00a0\u00bbon\u00a0\u00bb form_field_text_shadow_style=\u00a0\u00bbnone\u00a0\u00bb box_shadow_style=\u00a0\u00bbnone\u00a0\u00bb form_field_text_shadow_horizontal_length=\u00a0\u00bb0em\u00a0\u00bb form_field_text_shadow_vertical_length=\u00a0\u00bb0em\u00a0\u00bb form_field_text_shadow_blur_strength=\u00a0\u00bb0em\u00a0\u00bb \/][et_pb_contact_field _builder_version=\u00a0\u00bb3.0.101&Prime; field_id=\u00a0\u00bbLocalidad\u00a0\u00bb field_title=\u00a0\u00bbLocalit\u00e9\u00a0\u00bb field_type=\u00a0\u00bbinput\u00a0\u00bb checkbox_checked=\u00a0\u00bboff\u00a0\u00bb checkbox_options=\u00a0\u00bb%91{%22value%22:%22%22,%22checked%22:0}%93&Prime; radio_options=\u00a0\u00bb%91{%22value%22:%22%22,%22checked%22:0}%93&Prime; select_options=\u00a0\u00bb%91{%22value%22:%22%22,%22checked%22:0}%93&Prime; min_length=\u00a0\u00bb0&Prime; max_length=\u00a0\u00bb90&Prime; allowed_symbols=\u00a0\u00bball\u00a0\u00bb required_mark=\u00a0\u00bbon\u00a0\u00bb conditional_logic=\u00a0\u00bboff\u00a0\u00bb conditional_logic_relation=\u00a0\u00bboff\u00a0\u00bb conditional_logic_rules=\u00a0\u00bb%91{%22field%22:%22nombre%22,%22condition%22:%22is%22,%22value%22:%22%22}%93&Prime; use_background_color_gradient=\u00a0\u00bboff\u00a0\u00bb background_color_gradient_start=\u00a0\u00bb#2b87da\u00a0\u00bb background_color_gradient_end=\u00a0\u00bb#29c4a9&Prime; background_color_gradient_type=\u00a0\u00bblinear\u00a0\u00bb background_color_gradient_direction=\u00a0\u00bb180deg\u00a0\u00bb background_color_gradient_direction_radial=\u00a0\u00bbcenter\u00a0\u00bb background_color_gradient_start_position=\u00a0\u00bb0%\u00a0\u00bb background_color_gradient_end_position=\u00a0\u00bb100%\u00a0\u00bb background_color_gradient_overlays_image=\u00a0\u00bboff\u00a0\u00bb parallax=\u00a0\u00bboff\u00a0\u00bb parallax_method=\u00a0\u00bbon\u00a0\u00bb background_size=\u00a0\u00bbcover\u00a0\u00bb background_position=\u00a0\u00bbcenter\u00a0\u00bb background_repeat=\u00a0\u00bbno-repeat\u00a0\u00bb background_blend=\u00a0\u00bbnormal\u00a0\u00bb allow_player_pause=\u00a0\u00bboff\u00a0\u00bb background_video_pause_outside_viewport=\u00a0\u00bbon\u00a0\u00bb fullwidth_field=\u00a0\u00bboff\u00a0\u00bb form_field_text_shadow_style=\u00a0\u00bbnone\u00a0\u00bb box_shadow_style=\u00a0\u00bbnone\u00a0\u00bb form_field_text_shadow_horizontal_length=\u00a0\u00bb0em\u00a0\u00bb form_field_text_shadow_vertical_length=\u00a0\u00bb0em\u00a0\u00bb form_field_text_shadow_blur_strength=\u00a0\u00bb0em\u00a0\u00bb \/][et_pb_contact_field _builder_version=\u00a0\u00bb3.0.101&Prime; field_id=\u00a0\u00bbPais\u00a0\u00bb field_title=\u00a0\u00bbPays\u00a0\u00bb field_type=\u00a0\u00bbinput\u00a0\u00bb checkbox_checked=\u00a0\u00bboff\u00a0\u00bb checkbox_options=\u00a0\u00bb%91{%22value%22:%22%22,%22checked%22:0}%93&Prime; radio_options=\u00a0\u00bb%91{%22value%22:%22%22,%22checked%22:0}%93&Prime; select_options=\u00a0\u00bb%91{%22value%22:%22%22,%22checked%22:0}%93&Prime; min_length=\u00a0\u00bb0&Prime; max_length=\u00a0\u00bb90&Prime; allowed_symbols=\u00a0\u00bball\u00a0\u00bb required_mark=\u00a0\u00bbon\u00a0\u00bb conditional_logic=\u00a0\u00bboff\u00a0\u00bb conditional_logic_relation=\u00a0\u00bboff\u00a0\u00bb conditional_logic_rules=\u00a0\u00bb%91{%22field%22:%22nombre%22,%22condition%22:%22is%22,%22value%22:%22%22}%93&Prime; use_background_color_gradient=\u00a0\u00bboff\u00a0\u00bb background_color_gradient_start=\u00a0\u00bb#2b87da\u00a0\u00bb background_color_gradient_end=\u00a0\u00bb#29c4a9&Prime; background_color_gradient_type=\u00a0\u00bblinear\u00a0\u00bb background_color_gradient_direction=\u00a0\u00bb180deg\u00a0\u00bb background_color_gradient_direction_radial=\u00a0\u00bbcenter\u00a0\u00bb background_color_gradient_start_position=\u00a0\u00bb0%\u00a0\u00bb background_color_gradient_end_position=\u00a0\u00bb100%\u00a0\u00bb background_color_gradient_overlays_image=\u00a0\u00bboff\u00a0\u00bb parallax=\u00a0\u00bboff\u00a0\u00bb parallax_method=\u00a0\u00bbon\u00a0\u00bb background_size=\u00a0\u00bbcover\u00a0\u00bb background_position=\u00a0\u00bbcenter\u00a0\u00bb background_repeat=\u00a0\u00bbno-repeat\u00a0\u00bb background_blend=\u00a0\u00bbnormal\u00a0\u00bb allow_player_pause=\u00a0\u00bboff\u00a0\u00bb background_video_pause_outside_viewport=\u00a0\u00bbon\u00a0\u00bb fullwidth_field=\u00a0\u00bboff\u00a0\u00bb form_field_text_shadow_style=\u00a0\u00bbnone\u00a0\u00bb box_shadow_style=\u00a0\u00bbnone\u00a0\u00bb form_field_text_shadow_horizontal_length=\u00a0\u00bb0em\u00a0\u00bb form_field_text_shadow_vertical_length=\u00a0\u00bb0em\u00a0\u00bb form_field_text_shadow_blur_strength=\u00a0\u00bb0em\u00a0\u00bb \/][et_pb_contact_field field_title=\u00a0\u00bbMensaje\u00a0\u00bb field_type=\u00a0\u00bbtext\u00a0\u00bb field_id=\u00a0\u00bbMensaje\u00a0\u00bb required_mark=\u00a0\u00bbon\u00a0\u00bb fullwidth_field=\u00a0\u00bbon\u00a0\u00bb _builder_version=\u00a0\u00bb3.0.101&Prime; checkbox_checked=\u00a0\u00bboff\u00a0\u00bb checkbox_options=\u00a0\u00bb%91{%22value%22:%22Mensaje%22,%22checked%22:0}%93&Prime; radio_options=\u00a0\u00bb%91{%22value%22:%22Mensaje%22,%22checked%22:0}%93&Prime; select_options=\u00a0\u00bb%91{%22value%22:%22Mensaje%22,%22checked%22:0}%93&Prime; min_length=\u00a0\u00bb0&Prime; max_length=\u00a0\u00bb0&Prime; allowed_symbols=\u00a0\u00bball\u00a0\u00bb conditional_logic=\u00a0\u00bboff\u00a0\u00bb conditional_logic_relation=\u00a0\u00bboff\u00a0\u00bb conditional_logic_rules=\u00a0\u00bb%91{%22field%22:%22nombre%22,%22condition%22:%22is%22,%22value%22:%22%22}%93&Prime; use_background_color_gradient=\u00a0\u00bboff\u00a0\u00bb background_color_gradient_start=\u00a0\u00bb#2b87da\u00a0\u00bb background_color_gradient_end=\u00a0\u00bb#29c4a9&Prime; background_color_gradient_type=\u00a0\u00bblinear\u00a0\u00bb background_color_gradient_direction=\u00a0\u00bb180deg\u00a0\u00bb background_color_gradient_direction_radial=\u00a0\u00bbcenter\u00a0\u00bb background_color_gradient_start_position=\u00a0\u00bb0%\u00a0\u00bb background_color_gradient_end_position=\u00a0\u00bb100%\u00a0\u00bb background_color_gradient_overlays_image=\u00a0\u00bboff\u00a0\u00bb parallax=\u00a0\u00bboff\u00a0\u00bb parallax_method=\u00a0\u00bbon\u00a0\u00bb background_size=\u00a0\u00bbcover\u00a0\u00bb background_position=\u00a0\u00bbcenter\u00a0\u00bb background_repeat=\u00a0\u00bbno-repeat\u00a0\u00bb background_blend=\u00a0\u00bbnormal\u00a0\u00bb allow_player_pause=\u00a0\u00bboff\u00a0\u00bb background_video_pause_outside_viewport=\u00a0\u00bbon\u00a0\u00bb form_field_text_shadow_style=\u00a0\u00bbnone\u00a0\u00bb box_shadow_style=\u00a0\u00bbnone\u00a0\u00bb \/][et_pb_contact_field _builder_version=\u00a0\u00bb3.0.101&Prime; field_id=\u00a0\u00bbPrivacidad\u00a0\u00bb field_type=\u00a0\u00bbcheckbox\u00a0\u00bb checkbox_checked=\u00a0\u00bboff\u00a0\u00bb checkbox_options=\u00a0\u00bb%91{%22value%22:%22J&rsquo;accepte la politique de confidentialit\u00e9%22,%22checked%22:0}%93&Prime; radio_options=\u00a0\u00bb%91{%22value%22:%22%22,%22checked%22:0}%93&Prime; select_options=\u00a0\u00bb%91{%22value%22:%22%22,%22checked%22:0}%93&Prime; min_length=\u00a0\u00bb0&Prime; max_length=\u00a0\u00bb0&Prime; allowed_symbols=\u00a0\u00bball\u00a0\u00bb required_mark=\u00a0\u00bbon\u00a0\u00bb conditional_logic=\u00a0\u00bboff\u00a0\u00bb conditional_logic_relation=\u00a0\u00bboff\u00a0\u00bb conditional_logic_rules=\u00a0\u00bb%91{%22field%22:%22nombre%22,%22condition%22:%22is%22,%22value%22:%22%22}%93&Prime; use_background_color_gradient=\u00a0\u00bboff\u00a0\u00bb background_color_gradient_start=\u00a0\u00bb#2b87da\u00a0\u00bb background_color_gradient_end=\u00a0\u00bb#29c4a9&Prime; background_color_gradient_type=\u00a0\u00bblinear\u00a0\u00bb background_color_gradient_direction=\u00a0\u00bb180deg\u00a0\u00bb background_color_gradient_direction_radial=\u00a0\u00bbcenter\u00a0\u00bb background_color_gradient_start_position=\u00a0\u00bb0%\u00a0\u00bb background_color_gradient_end_position=\u00a0\u00bb100%\u00a0\u00bb background_color_gradient_overlays_image=\u00a0\u00bboff\u00a0\u00bb parallax=\u00a0\u00bboff\u00a0\u00bb parallax_method=\u00a0\u00bbon\u00a0\u00bb background_size=\u00a0\u00bbcover\u00a0\u00bb background_position=\u00a0\u00bbcenter\u00a0\u00bb background_repeat=\u00a0\u00bbno-repeat\u00a0\u00bb background_blend=\u00a0\u00bbnormal\u00a0\u00bb allow_player_pause=\u00a0\u00bboff\u00a0\u00bb background_video_pause_outside_viewport=\u00a0\u00bbon\u00a0\u00bb fullwidth_field=\u00a0\u00bbon\u00a0\u00bb form_field_text_shadow_style=\u00a0\u00bbnone\u00a0\u00bb box_shadow_style=\u00a0\u00bbnone\u00a0\u00bb field_title=\u00a0\u00bb \u00a0\u00bb form_field_text_shadow_horizontal_length=\u00a0\u00bb0em\u00a0\u00bb form_field_text_shadow_vertical_length=\u00a0\u00bb0em\u00a0\u00bb form_field_text_shadow_blur_strength=\u00a0\u00bb0em\u00a0\u00bb \/][\/et_pb_contact_form][\/et_pb_column][\/et_pb_row][\/et_pb_section]<\/p>\n","protected":false},"excerpt":{"rendered":"<p><div class=\"et_pb_row et_pb_row_0 et_pb_row_empty\">\n\t\t\t\t\n\t\t\t\t\n\t\t\t\t\n\t\t\t\t\n\t\t\t\t\n\t\t\t<\/div> Pour faire une r\u00e9servation ou pour de plus amples informations, n\u00b4h\u00e9sitez \u00e0 nous contacter: Ctra. N-260 Km 444. 22340 Bolta\u00f1a (Huesca) &#8211;\u00a0Pirineo Aragon\u00e9s (Espa\u00f1a)\u00a0 Telf. 974 50 23 57 Emai:\u00a0info@campinglagorga.com<\/p>\n","protected":false},"author":1,"featured_media":0,"parent":0,"menu_order":0,"comment_status":"closed","ping_status":"closed","template":"","meta":{"_et_pb_use_builder":"on","_et_pb_old_content":"<p>Para realizar su reserva o cualquier consulta no dude en ponerse en contacto con nosotros<\/p><p style=\"text-align: center;\"><strong>Ctra. N-260 Km 444. 22340 Bolta\u00f1a (Huesca) -\u00a0Pirineo Aragon\u00e9s (Espa\u00f1a)\u00a0<\/strong><\/p><p style=\"text-align: center;\"><strong>Telf. 974 50 23 57 <\/strong><\/p><p style=\"text-align: center;\"><strong>Emai:\u00a0<a href=\"mailto:info@campinglagorga.com\">info@campinglagorga.com<\/a><\/strong><\/p>","_et_gb_content_width":"","footnotes":""},"class_list":["post-1967","page","type-page","status-publish","hentry"],"_links":{"self":[{"href":"https:\/\/campinglagorga.com\/fr\/wp-json\/wp\/v2\/pages\/1967","targetHints":{"allow":["GET"]}}],"collection":[{"href":"https:\/\/campinglagorga.com\/fr\/wp-json\/wp\/v2\/pages"}],"about":[{"href":"https:\/\/campinglagorga.com\/fr\/wp-json\/wp\/v2\/types\/page"}],"author":[{"embeddable":true,"href":"https:\/\/campinglagorga.com\/fr\/wp-json\/wp\/v2\/users\/1"}],"replies":[{"embeddable":true,"href":"https:\/\/campinglagorga.com\/fr\/wp-json\/wp\/v2\/comments?post=1967"}],"version-history":[{"count":6,"href":"https:\/\/campinglagorga.com\/fr\/wp-json\/wp\/v2\/pages\/1967\/revisions"}],"predecessor-version":[{"id":2964,"href":"https:\/\/campinglagorga.com\/fr\/wp-json\/wp\/v2\/pages\/1967\/revisions\/2964"}],"wp:attachment":[{"href":"https:\/\/campinglagorga.com\/fr\/wp-json\/wp\/v2\/media?parent=1967"}],"curies":[{"name":"wp","href":"https:\/\/api.w.org\/{rel}","templated":true}]}}