{"id":2407,"date":"2018-03-01T16:52:16","date_gmt":"2018-03-01T16:52:16","guid":{"rendered":"https:\/\/campinglagorga.com\/autocaravanas\/"},"modified":"2024-05-19T16:21:31","modified_gmt":"2024-05-19T16:21:31","slug":"autocaravanas","status":"publish","type":"page","link":"https:\/\/campinglagorga.com\/fr\/autocaravanas\/","title":{"rendered":"Autocaravanas"},"content":{"rendered":"<p>[et_pb_section fb_built=\u00a0\u00bb1&Prime; _builder_version=\u00a0\u00bb4.16&Prime; global_colors_info=\u00a0\u00bb{}\u00a0\u00bb][et_pb_row _builder_version=\u00a0\u00bb4.16&Prime; background_size=\u00a0\u00bbinitial\u00a0\u00bb background_position=\u00a0\u00bbtop_left\u00a0\u00bb background_repeat=\u00a0\u00bbrepeat\u00a0\u00bb global_colors_info=\u00a0\u00bb{}\u00a0\u00bb][et_pb_column type=\u00a0\u00bb4_4&Prime; _builder_version=\u00a0\u00bb4.16&Prime; custom_padding=\u00a0\u00bb|||\u00a0\u00bb global_colors_info=\u00a0\u00bb{}\u00a0\u00bb custom_padding__hover=\u00a0\u00bb|||\u00a0\u00bb][et_pb_text _builder_version=\u00a0\u00bb4.16&Prime; background_size=\u00a0\u00bbinitial\u00a0\u00bb background_position=\u00a0\u00bbtop_left\u00a0\u00bb background_repeat=\u00a0\u00bbrepeat\u00a0\u00bb global_colors_info=\u00a0\u00bb{}\u00a0\u00bb]<\/p>\n<h1>\u00c1rea de Servicio para Autocaravanas.<\/h1>\n<p>Si viajas con tu autocaravana ponemos a tu disposici\u00f3n un \u00e1rea de servicios para ti donde encontrar\u00e1s:<\/p>\n<ul>\n<li>Desag\u00fce para aguas grises.<\/li>\n<li>WCQ para aguas negras.<\/li>\n<li>Toma de agua potable.<\/li>\n<li>Fregaderos, lavaderos.<\/li>\n<li>Lavadoras.<\/li>\n<li>Recogida de basuras.<\/li>\n<\/ul>\n<style type=\"text\/css\">\n#foogallery-gallery-2760.fg-justified .fg-item { margin-right: 1px; margin-bottom: 1px; }\n#foogallery-gallery-2760.fg-justified .fg-image { height: 150px; }<\/style>\n\t\t\t<style type=\"text\/css\">\n#foogallery-gallery-2760_1.fg-justified .fg-item { margin-right: 1px; margin-bottom: 1px; }\n#foogallery-gallery-2760_1.fg-justified .fg-image { height: 150px; }<\/style>\n\t\t\t<div class=\"foogallery foogallery-container foogallery-justified foogallery-lightbox-foobox fg-justified fg-ready fg-light fg-border-thin fg-shadow-outline fg-loading-default fg-loaded-fade-in fg-caption-hover fg-hover-fade fg-hover-zoom\" id=\"foogallery-gallery-2760_1\" data-foogallery=\"{&quot;item&quot;:{&quot;showCaptionTitle&quot;:true,&quot;showCaptionDescription&quot;:true},&quot;lazy&quot;:true,&quot;template&quot;:{&quot;rowHeight&quot;:150,&quot;maxRowHeight&quot;:300,&quot;margins&quot;:1,&quot;align&quot;:&quot;center&quot;,&quot;lastRow&quot;:&quot;smart&quot;}}\" style=\"--fg-title-line-clamp: 0; --fg-description-line-clamp: 0;\" >\n\t<div class=\"fg-item fg-type-image fg-idle\"><figure class=\"fg-item-inner\"><a href=\"https:\/\/campinglagorga.com\/wp-content\/uploads\/2018\/04\/CampingLaGorga05-scaled.jpg\" data-caption-title=\"Camping La Gorga Bolta\u00f1a Ordesa Pirineos\" data-caption-desc=\"Camping La Gorga Bolta\u00f1a Sobrarbe Pirineo Pirineos\" data-attachment-id=\"3219\" data-type=\"image\" class=\"fg-thumb\"><span class=\"fg-image-wrap\"><img fetchpriority=\"high\" decoding=\"async\" alt=\"Camping La Gorga Bolta\u00f1a Sobrarbe Pirineo Pirineos\" title=\"Camping La Gorga Bolta\u00f1a Ordesa Pirineos\" height=\"300\" width=\"453\" class=\"skip-lazy fg-image\" data-src-fg=\"https:\/\/campinglagorga.com\/wp-content\/uploads\/cache\/2018\/04\/CampingLaGorga05-scaled\/1019132745.jpg\" src=\"data:image\/svg+xml,%3Csvg%20xmlns%3D%22http%3A%2F%2Fwww.w3.org%2F2000%2Fsvg%22%20width%3D%22453%22%20height%3D%22300%22%20viewBox%3D%220%200%20453%20300%22%3E%3C%2Fsvg%3E\" loading=\"eager\"><\/span><span class=\"fg-image-overlay\"><\/span><\/a><figcaption class=\"fg-caption\"><div class=\"fg-caption-inner\"><div class=\"fg-caption-title\">Camping La Gorga Bolta\u00f1a Ordesa Pirineos<\/div><div class=\"fg-caption-desc\">Camping La Gorga Bolta\u00f1a Sobrarbe Pirineo Pirineos<\/div><\/div><\/figcaption><\/figure><div class=\"fg-loader\"><\/div><\/div><div class=\"fg-item fg-type-image fg-idle\"><figure class=\"fg-item-inner\"><a href=\"https:\/\/campinglagorga.com\/wp-content\/uploads\/2018\/04\/CampingLaGorga09-scaled.jpg\" data-caption-title=\"Camping La Gorga Bolta\u00f1a Ordesa Pirineos\" data-caption-desc=\"Camping La Gorga Bolta\u00f1a Sobrarbe Pirineo Pirineos\" data-attachment-id=\"3225\" data-type=\"image\" class=\"fg-thumb\"><span class=\"fg-image-wrap\"><img decoding=\"async\" alt=\"Camping La Gorga Bolta\u00f1a Sobrarbe Pirineo Pirineos\" title=\"Camping La Gorga Bolta\u00f1a Ordesa Pirineos\" height=\"300\" width=\"453\" class=\"skip-lazy fg-image\" data-src-fg=\"https:\/\/campinglagorga.com\/wp-content\/uploads\/cache\/2018\/04\/CampingLaGorga09-scaled\/142461578.jpg\" src=\"data:image\/svg+xml,%3Csvg%20xmlns%3D%22http%3A%2F%2Fwww.w3.org%2F2000%2Fsvg%22%20width%3D%22453%22%20height%3D%22300%22%20viewBox%3D%220%200%20453%20300%22%3E%3C%2Fsvg%3E\" loading=\"eager\"><\/span><span class=\"fg-image-overlay\"><\/span><\/a><figcaption class=\"fg-caption\"><div class=\"fg-caption-inner\"><div class=\"fg-caption-title\">Camping La Gorga Bolta\u00f1a Ordesa Pirineos<\/div><div class=\"fg-caption-desc\">Camping La Gorga Bolta\u00f1a Sobrarbe Pirineo Pirineos<\/div><\/div><\/figcaption><\/figure><div class=\"fg-loader\"><\/div><\/div><div class=\"fg-item fg-type-image fg-idle\"><figure class=\"fg-item-inner\"><a href=\"https:\/\/campinglagorga.com\/wp-content\/uploads\/2018\/04\/CampingLaGorga10-scaled.jpg\" data-caption-title=\"Camping La Gorga Bolta\u00f1a Ordesa Pirineos\" data-caption-desc=\"Camping La Gorga Bolta\u00f1a Sobrarbe Pirineo Pirineos\" data-attachment-id=\"3222\" data-type=\"image\" class=\"fg-thumb\"><span class=\"fg-image-wrap\"><img decoding=\"async\" alt=\"Camping La Gorga Bolta\u00f1a Sobrarbe Pirineo Pirineos\" title=\"Camping La Gorga Bolta\u00f1a Ordesa Pirineos\" height=\"300\" width=\"453\" class=\"skip-lazy fg-image\" data-src-fg=\"https:\/\/campinglagorga.com\/wp-content\/uploads\/cache\/2018\/04\/CampingLaGorga10-scaled\/1700612855.jpg\" src=\"data:image\/svg+xml,%3Csvg%20xmlns%3D%22http%3A%2F%2Fwww.w3.org%2F2000%2Fsvg%22%20width%3D%22453%22%20height%3D%22300%22%20viewBox%3D%220%200%20453%20300%22%3E%3C%2Fsvg%3E\" loading=\"eager\"><\/span><span class=\"fg-image-overlay\"><\/span><\/a><figcaption class=\"fg-caption\"><div class=\"fg-caption-inner\"><div class=\"fg-caption-title\">Camping La Gorga Bolta\u00f1a Ordesa Pirineos<\/div><div class=\"fg-caption-desc\">Camping La Gorga Bolta\u00f1a Sobrarbe Pirineo Pirineos<\/div><\/div><\/figcaption><\/figure><div class=\"fg-loader\"><\/div><\/div><div class=\"fg-item fg-type-image fg-idle\"><figure class=\"fg-item-inner\"><a href=\"https:\/\/campinglagorga.com\/wp-content\/uploads\/2018\/04\/CampingLaGorga57-scaled.jpg\" data-caption-title=\"Camping La Gorga Bolta\u00f1a Ordesa Pirineos\" data-caption-desc=\"Camping La Gorga Bolta\u00f1a Sobrarbe Pirineo Pirineos\" data-attachment-id=\"3228\" data-type=\"image\" class=\"fg-thumb\"><span class=\"fg-image-wrap\"><img decoding=\"async\" alt=\"Camping La Gorga Bolta\u00f1a Sobrarbe Pirineo Pirineos\" title=\"Camping La Gorga Bolta\u00f1a Ordesa Pirineos\" height=\"300\" width=\"453\" class=\"skip-lazy fg-image\" data-src-fg=\"https:\/\/campinglagorga.com\/wp-content\/uploads\/cache\/2018\/04\/CampingLaGorga57-scaled\/1795010969.jpg\" src=\"data:image\/svg+xml,%3Csvg%20xmlns%3D%22http%3A%2F%2Fwww.w3.org%2F2000%2Fsvg%22%20width%3D%22453%22%20height%3D%22300%22%20viewBox%3D%220%200%20453%20300%22%3E%3C%2Fsvg%3E\" loading=\"eager\"><\/span><span class=\"fg-image-overlay\"><\/span><\/a><figcaption class=\"fg-caption\"><div class=\"fg-caption-inner\"><div class=\"fg-caption-title\">Camping La Gorga Bolta\u00f1a Ordesa Pirineos<\/div><div class=\"fg-caption-desc\">Camping La Gorga Bolta\u00f1a Sobrarbe Pirineo Pirineos<\/div><\/div><\/figcaption><\/figure><div class=\"fg-loader\"><\/div><\/div><div class=\"fg-item fg-type-image fg-idle\"><figure class=\"fg-item-inner\"><a href=\"https:\/\/campinglagorga.com\/wp-content\/uploads\/2018\/04\/CampingLaGorga36-scaled.jpg\" data-caption-title=\"Camping La Gorga Bolta\u00f1a Ordesa Pirineos\" data-caption-desc=\"Camping La Gorga Bolta\u00f1a Sobrarbe Pirineo Pirineos\" data-attachment-id=\"3231\" data-type=\"image\" class=\"fg-thumb\"><span class=\"fg-image-wrap\"><img decoding=\"async\" alt=\"Camping La Gorga Bolta\u00f1a Sobrarbe Pirineo Pirineos\" title=\"Camping La Gorga Bolta\u00f1a Ordesa Pirineos\" height=\"300\" width=\"453\" class=\"skip-lazy fg-image\" data-src-fg=\"https:\/\/campinglagorga.com\/wp-content\/uploads\/cache\/2018\/04\/CampingLaGorga36-scaled\/1513092600.jpg\" src=\"data:image\/svg+xml,%3Csvg%20xmlns%3D%22http%3A%2F%2Fwww.w3.org%2F2000%2Fsvg%22%20width%3D%22453%22%20height%3D%22300%22%20viewBox%3D%220%200%20453%20300%22%3E%3C%2Fsvg%3E\" loading=\"eager\"><\/span><span class=\"fg-image-overlay\"><\/span><\/a><figcaption class=\"fg-caption\"><div class=\"fg-caption-inner\"><div class=\"fg-caption-title\">Camping La Gorga Bolta\u00f1a Ordesa Pirineos<\/div><div class=\"fg-caption-desc\">Camping La Gorga Bolta\u00f1a Sobrarbe Pirineo Pirineos<\/div><\/div><\/figcaption><\/figure><div class=\"fg-loader\"><\/div><\/div><div class=\"fg-item fg-type-image fg-idle\"><figure class=\"fg-item-inner\"><a href=\"https:\/\/campinglagorga.com\/wp-content\/uploads\/2018\/04\/CampingLaGorga21-scaled.jpg\" data-caption-title=\"Camping La Gorga Bolta\u00f1a Ordesa Pirineos\" data-caption-desc=\"Camping La Gorga Bolta\u00f1a Sobrarbe Pirineo Pirineos\" data-attachment-id=\"3237\" data-type=\"image\" class=\"fg-thumb\"><span class=\"fg-image-wrap\"><img decoding=\"async\" alt=\"Camping La Gorga Bolta\u00f1a Sobrarbe Pirineo Pirineos\" title=\"Camping La Gorga Bolta\u00f1a Ordesa Pirineos\" height=\"300\" width=\"453\" class=\"skip-lazy fg-image\" data-src-fg=\"https:\/\/campinglagorga.com\/wp-content\/uploads\/cache\/2018\/04\/CampingLaGorga21-scaled\/3860398365.jpg\" src=\"data:image\/svg+xml,%3Csvg%20xmlns%3D%22http%3A%2F%2Fwww.w3.org%2F2000%2Fsvg%22%20width%3D%22453%22%20height%3D%22300%22%20viewBox%3D%220%200%20453%20300%22%3E%3C%2Fsvg%3E\" loading=\"eager\"><\/span><span class=\"fg-image-overlay\"><\/span><\/a><figcaption class=\"fg-caption\"><div class=\"fg-caption-inner\"><div class=\"fg-caption-title\">Camping La Gorga Bolta\u00f1a Ordesa Pirineos<\/div><div class=\"fg-caption-desc\">Camping La Gorga Bolta\u00f1a Sobrarbe Pirineo Pirineos<\/div><\/div><\/figcaption><\/figure><div class=\"fg-loader\"><\/div><\/div><div class=\"fg-item fg-type-image fg-idle\"><figure class=\"fg-item-inner\"><a href=\"https:\/\/campinglagorga.com\/wp-content\/uploads\/2018\/04\/CampingLaGorga18-scaled.jpg\" data-caption-title=\"Camping La Gorga Bolta\u00f1a Ordesa Pirineos\" data-caption-desc=\"Camping La Gorga Bolta\u00f1a Sobrarbe Pirineo Pirineos\" data-attachment-id=\"3240\" data-type=\"image\" class=\"fg-thumb\"><span class=\"fg-image-wrap\"><img decoding=\"async\" alt=\"Camping La Gorga Bolta\u00f1a Sobrarbe Pirineo Pirineos\" title=\"Camping La Gorga Bolta\u00f1a Ordesa Pirineos\" height=\"300\" width=\"453\" class=\"skip-lazy fg-image\" data-src-fg=\"https:\/\/campinglagorga.com\/wp-content\/uploads\/cache\/2018\/04\/CampingLaGorga18-scaled\/2023574687.jpg\" src=\"data:image\/svg+xml,%3Csvg%20xmlns%3D%22http%3A%2F%2Fwww.w3.org%2F2000%2Fsvg%22%20width%3D%22453%22%20height%3D%22300%22%20viewBox%3D%220%200%20453%20300%22%3E%3C%2Fsvg%3E\" loading=\"eager\"><\/span><span class=\"fg-image-overlay\"><\/span><\/a><figcaption class=\"fg-caption\"><div class=\"fg-caption-inner\"><div class=\"fg-caption-title\">Camping La Gorga Bolta\u00f1a Ordesa Pirineos<\/div><div class=\"fg-caption-desc\">Camping La Gorga Bolta\u00f1a Sobrarbe Pirineo Pirineos<\/div><\/div><\/figcaption><\/figure><div class=\"fg-loader\"><\/div><\/div><div class=\"fg-item fg-type-image fg-idle\"><figure class=\"fg-item-inner\"><a href=\"https:\/\/campinglagorga.com\/wp-content\/uploads\/2018\/04\/CampingLaGorga37-scaled.jpg\" data-caption-title=\"Camping La Gorga Bolta\u00f1a Ordesa Pirineos\" data-caption-desc=\"Camping La Gorga Bolta\u00f1a Sobrarbe Pirineo Pirineos\" data-attachment-id=\"3243\" data-type=\"image\" class=\"fg-thumb\"><span class=\"fg-image-wrap\"><img decoding=\"async\" alt=\"Camping La Gorga Bolta\u00f1a Sobrarbe Pirineo Pirineos\" title=\"Camping La Gorga Bolta\u00f1a Ordesa Pirineos\" height=\"300\" width=\"453\" class=\"skip-lazy fg-image\" data-src-fg=\"https:\/\/campinglagorga.com\/wp-content\/uploads\/cache\/2018\/04\/CampingLaGorga37-scaled\/4011466582.jpg\" src=\"data:image\/svg+xml,%3Csvg%20xmlns%3D%22http%3A%2F%2Fwww.w3.org%2F2000%2Fsvg%22%20width%3D%22453%22%20height%3D%22300%22%20viewBox%3D%220%200%20453%20300%22%3E%3C%2Fsvg%3E\" loading=\"eager\"><\/span><span class=\"fg-image-overlay\"><\/span><\/a><figcaption class=\"fg-caption\"><div class=\"fg-caption-inner\"><div class=\"fg-caption-title\">Camping La Gorga Bolta\u00f1a Ordesa Pirineos<\/div><div class=\"fg-caption-desc\">Camping La Gorga Bolta\u00f1a Sobrarbe Pirineo Pirineos<\/div><\/div><\/figcaption><\/figure><div class=\"fg-loader\"><\/div><\/div><\/div>\n\n<p>[\/et_pb_text][\/et_pb_column][\/et_pb_row][\/et_pb_section]<\/p>\n","protected":false},"excerpt":{"rendered":"<p>\u00c1rea de Servicio para Autocaravanas. Si viajas con tu autocaravana ponemos a tu disposici\u00f3n un \u00e1rea de servicios para ti donde encontrar\u00e1s: Desag\u00fce para aguas grises. WCQ para aguas negras. Toma de agua potable. Fregaderos, lavaderos. Lavadoras. Recogida de basuras. <style type=\"text\/css\">\n#foogallery-gallery-2760_1.fg-justified .fg-item { margin-right: 1px; margin-bottom: 1px; }\n#foogallery-gallery-2760_1.fg-justified .fg-image { height: 150px; }<\/style>\n\t\t\t<style type=\"text\/css\">\n#foogallery-gallery-2760_1.fg-justified .fg-item { margin-right: 1px; margin-bottom: 1px; }\n#foogallery-gallery-2760_1.fg-justified .fg-image { height: 150px; }<\/style>\n\t\t\t<div class=\"foogallery foogallery-container foogallery-justified foogallery-lightbox-foobox fg-justified fg-ready fg-light fg-border-thin fg-shadow-outline fg-loading-default fg-loaded-fade-in fg-caption-hover fg-hover-fade fg-hover-zoom\" id=\"foogallery-gallery-2760_1\" data-foogallery=\"{&quot;item&quot;:{&quot;showCaptionTitle&quot;:true,&quot;showCaptionDescription&quot;:true},&quot;lazy&quot;:true,&quot;template&quot;:{&quot;rowHeight&quot;:150,&quot;maxRowHeight&quot;:300,&quot;margins&quot;:1,&quot;align&quot;:&quot;center&quot;,&quot;lastRow&quot;:&quot;smart&quot;}}\" style=\"--fg-title-line-clamp: 0; --fg-description-line-clamp: 0;\" >\n\t<div class=\"fg-item fg-type-image fg-idle\"><figure class=\"fg-item-inner\"><a href=\"https:\/\/campinglagorga.com\/wp-content\/uploads\/2018\/04\/CampingLaGorga05-scaled.jpg\" data-caption-title=\"Camping La Gorga Bolta\u00f1a Ordesa Pirineos\" data-caption-desc=\"Camping La Gorga Bolta\u00f1a Sobrarbe Pirineo Pirineos\" data-attachment-id=\"3219\" data-type=\"image\" class=\"fg-thumb\"><span class=\"fg-image-wrap\"><img decoding=\"async\" alt=\"Camping La Gorga Bolta\u00f1a Sobrarbe Pirineo Pirineos\" title=\"Camping La Gorga Bolta\u00f1a Ordesa Pirineos\" height=\"300\" width=\"453\" class=\"skip-lazy fg-image\" data-src-fg=\"https:\/\/campinglagorga.com\/wp-content\/uploads\/cache\/2018\/04\/CampingLaGorga05-scaled\/1019132745.jpg\" src=\"data:image\/svg+xml,%3Csvg%20xmlns%3D%22http%3A%2F%2Fwww.w3.org%2F2000%2Fsvg%22%20width%3D%22453%22%20height%3D%22300%22%20viewBox%3D%220%200%20453%20300%22%3E%3C%2Fsvg%3E\" loading=\"eager\"><\/span><span class=\"fg-image-overlay\"><\/span><\/a><figcaption class=\"fg-caption\"><div class=\"fg-caption-inner\"><div class=\"fg-caption-title\">Camping La Gorga Bolta\u00f1a Ordesa Pirineos<\/div><div class=\"fg-caption-desc\">Camping La Gorga Bolta\u00f1a Sobrarbe Pirineo Pirineos<\/div><\/div><\/figcaption><\/figure><div class=\"fg-loader\"><\/div><\/div><div class=\"fg-item fg-type-image fg-idle\"><figure class=\"fg-item-inner\"><a href=\"https:\/\/campinglagorga.com\/wp-content\/uploads\/2018\/04\/CampingLaGorga09-scaled.jpg\" data-caption-title=\"Camping La Gorga Bolta\u00f1a Ordesa Pirineos\" data-caption-desc=\"Camping La Gorga Bolta\u00f1a Sobrarbe Pirineo Pirineos\" data-attachment-id=\"3225\" data-type=\"image\" class=\"fg-thumb\"><span class=\"fg-image-wrap\"><img decoding=\"async\" alt=\"Camping La Gorga Bolta\u00f1a Sobrarbe Pirineo Pirineos\" title=\"Camping La Gorga Bolta\u00f1a Ordesa Pirineos\" height=\"300\" width=\"453\" class=\"skip-lazy fg-image\" data-src-fg=\"https:\/\/campinglagorga.com\/wp-content\/uploads\/cache\/2018\/04\/CampingLaGorga09-scaled\/142461578.jpg\" src=\"data:image\/svg+xml,%3Csvg%20xmlns%3D%22http%3A%2F%2Fwww.w3.org%2F2000%2Fsvg%22%20width%3D%22453%22%20height%3D%22300%22%20viewBox%3D%220%200%20453%20300%22%3E%3C%2Fsvg%3E\" loading=\"eager\"><\/span><span class=\"fg-image-overlay\"><\/span><\/a><figcaption class=\"fg-caption\"><div class=\"fg-caption-inner\"><div class=\"fg-caption-title\">Camping La Gorga Bolta\u00f1a Ordesa Pirineos<\/div><div class=\"fg-caption-desc\">Camping La Gorga Bolta\u00f1a Sobrarbe Pirineo Pirineos<\/div><\/div><\/figcaption><\/figure><div class=\"fg-loader\"><\/div><\/div><div class=\"fg-item fg-type-image fg-idle\"><figure class=\"fg-item-inner\"><a href=\"https:\/\/campinglagorga.com\/wp-content\/uploads\/2018\/04\/CampingLaGorga10-scaled.jpg\" data-caption-title=\"Camping La Gorga Bolta\u00f1a Ordesa Pirineos\" data-caption-desc=\"Camping La Gorga Bolta\u00f1a Sobrarbe Pirineo Pirineos\" data-attachment-id=\"3222\" data-type=\"image\" class=\"fg-thumb\"><span class=\"fg-image-wrap\"><img decoding=\"async\" alt=\"Camping La Gorga Bolta\u00f1a Sobrarbe Pirineo Pirineos\" title=\"Camping La Gorga Bolta\u00f1a Ordesa Pirineos\" height=\"300\" width=\"453\" class=\"skip-lazy fg-image\" data-src-fg=\"https:\/\/campinglagorga.com\/wp-content\/uploads\/cache\/2018\/04\/CampingLaGorga10-scaled\/1700612855.jpg\" src=\"data:image\/svg+xml,%3Csvg%20xmlns%3D%22http%3A%2F%2Fwww.w3.org%2F2000%2Fsvg%22%20width%3D%22453%22%20height%3D%22300%22%20viewBox%3D%220%200%20453%20300%22%3E%3C%2Fsvg%3E\" loading=\"eager\"><\/span><span class=\"fg-image-overlay\"><\/span><\/a><figcaption class=\"fg-caption\"><div class=\"fg-caption-inner\"><div class=\"fg-caption-title\">Camping La Gorga Bolta\u00f1a Ordesa Pirineos<\/div><div class=\"fg-caption-desc\">Camping La Gorga Bolta\u00f1a Sobrarbe Pirineo Pirineos<\/div><\/div><\/figcaption><\/figure><div class=\"fg-loader\"><\/div><\/div><div class=\"fg-item fg-type-image fg-idle\"><figure class=\"fg-item-inner\"><a href=\"https:\/\/campinglagorga.com\/wp-content\/uploads\/2018\/04\/CampingLaGorga57-scaled.jpg\" data-caption-title=\"Camping La Gorga Bolta\u00f1a Ordesa Pirineos\" data-caption-desc=\"Camping La Gorga Bolta\u00f1a Sobrarbe Pirineo Pirineos\" data-attachment-id=\"3228\" data-type=\"image\" class=\"fg-thumb\"><span class=\"fg-image-wrap\"><img decoding=\"async\" alt=\"Camping La Gorga Bolta\u00f1a Sobrarbe Pirineo Pirineos\" title=\"Camping La Gorga Bolta\u00f1a Ordesa Pirineos\" height=\"300\" width=\"453\" class=\"skip-lazy fg-image\" data-src-fg=\"https:\/\/campinglagorga.com\/wp-content\/uploads\/cache\/2018\/04\/CampingLaGorga57-scaled\/1795010969.jpg\" src=\"data:image\/svg+xml,%3Csvg%20xmlns%3D%22http%3A%2F%2Fwww.w3.org%2F2000%2Fsvg%22%20width%3D%22453%22%20height%3D%22300%22%20viewBox%3D%220%200%20453%20300%22%3E%3C%2Fsvg%3E\" loading=\"eager\"><\/span><span class=\"fg-image-overlay\"><\/span><\/a><figcaption class=\"fg-caption\"><div class=\"fg-caption-inner\"><div class=\"fg-caption-title\">Camping La Gorga Bolta\u00f1a Ordesa Pirineos<\/div><div class=\"fg-caption-desc\">Camping La Gorga Bolta\u00f1a Sobrarbe Pirineo Pirineos<\/div><\/div><\/figcaption><\/figure><div class=\"fg-loader\"><\/div><\/div><div class=\"fg-item fg-type-image fg-idle\"><figure class=\"fg-item-inner\"><a href=\"https:\/\/campinglagorga.com\/wp-content\/uploads\/2018\/04\/CampingLaGorga36-scaled.jpg\" data-caption-title=\"Camping La Gorga Bolta\u00f1a Ordesa Pirineos\" data-caption-desc=\"Camping La Gorga Bolta\u00f1a Sobrarbe Pirineo Pirineos\" data-attachment-id=\"3231\" data-type=\"image\" class=\"fg-thumb\"><span class=\"fg-image-wrap\"><img decoding=\"async\" alt=\"Camping La Gorga Bolta\u00f1a Sobrarbe Pirineo Pirineos\" title=\"Camping La Gorga Bolta\u00f1a Ordesa Pirineos\" height=\"300\" width=\"453\" class=\"skip-lazy fg-image\" data-src-fg=\"https:\/\/campinglagorga.com\/wp-content\/uploads\/cache\/2018\/04\/CampingLaGorga36-scaled\/1513092600.jpg\" src=\"data:image\/svg+xml,%3Csvg%20xmlns%3D%22http%3A%2F%2Fwww.w3.org%2F2000%2Fsvg%22%20width%3D%22453%22%20height%3D%22300%22%20viewBox%3D%220%200%20453%20300%22%3E%3C%2Fsvg%3E\" loading=\"eager\"><\/span><span class=\"fg-image-overlay\"><\/span><\/a><figcaption class=\"fg-caption\"><div class=\"fg-caption-inner\"><div class=\"fg-caption-title\">Camping La Gorga Bolta\u00f1a Ordesa Pirineos<\/div><div class=\"fg-caption-desc\">Camping La Gorga Bolta\u00f1a Sobrarbe Pirineo Pirineos<\/div><\/div><\/figcaption><\/figure><div class=\"fg-loader\"><\/div><\/div><div class=\"fg-item fg-type-image fg-idle\"><figure class=\"fg-item-inner\"><a href=\"https:\/\/campinglagorga.com\/wp-content\/uploads\/2018\/04\/CampingLaGorga21-scaled.jpg\" data-caption-title=\"Camping La Gorga Bolta\u00f1a Ordesa Pirineos\" data-caption-desc=\"Camping La Gorga Bolta\u00f1a Sobrarbe Pirineo Pirineos\" data-attachment-id=\"3237\" data-type=\"image\" class=\"fg-thumb\"><span class=\"fg-image-wrap\"><img decoding=\"async\" alt=\"Camping La Gorga Bolta\u00f1a Sobrarbe Pirineo Pirineos\" title=\"Camping La Gorga Bolta\u00f1a Ordesa Pirineos\" height=\"300\" width=\"453\" class=\"skip-lazy fg-image\" data-src-fg=\"https:\/\/campinglagorga.com\/wp-content\/uploads\/cache\/2018\/04\/CampingLaGorga21-scaled\/3860398365.jpg\" src=\"data:image\/svg+xml,%3Csvg%20xmlns%3D%22http%3A%2F%2Fwww.w3.org%2F2000%2Fsvg%22%20width%3D%22453%22%20height%3D%22300%22%20viewBox%3D%220%200%20453%20300%22%3E%3C%2Fsvg%3E\" loading=\"eager\"><\/span><span class=\"fg-image-overlay\"><\/span><\/a><figcaption class=\"fg-caption\"><div class=\"fg-caption-inner\"><div class=\"fg-caption-title\">Camping La Gorga Bolta\u00f1a Ordesa Pirineos<\/div><div class=\"fg-caption-desc\">Camping La Gorga Bolta\u00f1a Sobrarbe Pirineo Pirineos<\/div><\/div><\/figcaption><\/figure><div class=\"fg-loader\"><\/div><\/div><div class=\"fg-item fg-type-image fg-idle\"><figure class=\"fg-item-inner\"><a href=\"https:\/\/campinglagorga.com\/wp-content\/uploads\/2018\/04\/CampingLaGorga18-scaled.jpg\" data-caption-title=\"Camping La Gorga Bolta\u00f1a Ordesa Pirineos\" data-caption-desc=\"Camping La Gorga Bolta\u00f1a Sobrarbe Pirineo Pirineos\" data-attachment-id=\"3240\" data-type=\"image\" class=\"fg-thumb\"><span class=\"fg-image-wrap\"><img decoding=\"async\" alt=\"Camping La Gorga Bolta\u00f1a Sobrarbe Pirineo Pirineos\" title=\"Camping La Gorga Bolta\u00f1a Ordesa Pirineos\" height=\"300\" width=\"453\" class=\"skip-lazy fg-image\" data-src-fg=\"https:\/\/campinglagorga.com\/wp-content\/uploads\/cache\/2018\/04\/CampingLaGorga18-scaled\/2023574687.jpg\" src=\"data:image\/svg+xml,%3Csvg%20xmlns%3D%22http%3A%2F%2Fwww.w3.org%2F2000%2Fsvg%22%20width%3D%22453%22%20height%3D%22300%22%20viewBox%3D%220%200%20453%20300%22%3E%3C%2Fsvg%3E\" loading=\"eager\"><\/span><span class=\"fg-image-overlay\"><\/span><\/a><figcaption class=\"fg-caption\"><div class=\"fg-caption-inner\"><div class=\"fg-caption-title\">Camping La Gorga Bolta\u00f1a Ordesa Pirineos<\/div><div class=\"fg-caption-desc\">Camping La Gorga Bolta\u00f1a Sobrarbe Pirineo Pirineos<\/div><\/div><\/figcaption><\/figure><div class=\"fg-loader\"><\/div><\/div><div class=\"fg-item fg-type-image fg-idle\"><figure class=\"fg-item-inner\"><a href=\"https:\/\/campinglagorga.com\/wp-content\/uploads\/2018\/04\/CampingLaGorga37-scaled.jpg\" data-caption-title=\"Camping La Gorga Bolta\u00f1a Ordesa Pirineos\" data-caption-desc=\"Camping La Gorga Bolta\u00f1a Sobrarbe Pirineo Pirineos\" data-attachment-id=\"3243\" data-type=\"image\" class=\"fg-thumb\"><span class=\"fg-image-wrap\"><img decoding=\"async\" alt=\"Camping La Gorga Bolta\u00f1a Sobrarbe Pirineo Pirineos\" title=\"Camping La Gorga Bolta\u00f1a Ordesa Pirineos\" height=\"300\" width=\"453\" class=\"skip-lazy fg-image\" data-src-fg=\"https:\/\/campinglagorga.com\/wp-content\/uploads\/cache\/2018\/04\/CampingLaGorga37-scaled\/4011466582.jpg\" src=\"data:image\/svg+xml,%3Csvg%20xmlns%3D%22http%3A%2F%2Fwww.w3.org%2F2000%2Fsvg%22%20width%3D%22453%22%20height%3D%22300%22%20viewBox%3D%220%200%20453%20300%22%3E%3C%2Fsvg%3E\" loading=\"eager\"><\/span><span class=\"fg-image-overlay\"><\/span><\/a><figcaption class=\"fg-caption\"><div class=\"fg-caption-inner\"><div class=\"fg-caption-title\">Camping La Gorga Bolta\u00f1a Ordesa Pirineos<\/div><div class=\"fg-caption-desc\">Camping La Gorga Bolta\u00f1a Sobrarbe Pirineo Pirineos<\/div><\/div><\/figcaption><\/figure><div class=\"fg-loader\"><\/div><\/div><\/div>\n<\/p>\n","protected":false},"author":1,"featured_media":0,"parent":0,"menu_order":0,"comment_status":"closed","ping_status":"closed","template":"","meta":{"_et_pb_use_builder":"on","_et_pb_old_content":"","_et_gb_content_width":"","footnotes":""},"class_list":["post-2407","page","type-page","status-publish","hentry"],"_links":{"self":[{"href":"https:\/\/campinglagorga.com\/fr\/wp-json\/wp\/v2\/pages\/2407","targetHints":{"allow":["GET"]}}],"collection":[{"href":"https:\/\/campinglagorga.com\/fr\/wp-json\/wp\/v2\/pages"}],"about":[{"href":"https:\/\/campinglagorga.com\/fr\/wp-json\/wp\/v2\/types\/page"}],"author":[{"embeddable":true,"href":"https:\/\/campinglagorga.com\/fr\/wp-json\/wp\/v2\/users\/1"}],"replies":[{"embeddable":true,"href":"https:\/\/campinglagorga.com\/fr\/wp-json\/wp\/v2\/comments?post=2407"}],"version-history":[{"count":7,"href":"https:\/\/campinglagorga.com\/fr\/wp-json\/wp\/v2\/pages\/2407\/revisions"}],"predecessor-version":[{"id":3983,"href":"https:\/\/campinglagorga.com\/fr\/wp-json\/wp\/v2\/pages\/2407\/revisions\/3983"}],"wp:attachment":[{"href":"https:\/\/campinglagorga.com\/fr\/wp-json\/wp\/v2\/media?parent=2407"}],"curies":[{"name":"wp","href":"https:\/\/api.w.org\/{rel}","templated":true}]}}