{"id":2411,"date":"2018-03-01T17:17:36","date_gmt":"2018-03-01T17:17:36","guid":{"rendered":"https:\/\/campinglagorga.com\/zona-zero\/"},"modified":"2018-05-01T15:09:17","modified_gmt":"2018-05-01T15:09:17","slug":"zona-zero-vtt","status":"publish","type":"page","link":"https:\/\/campinglagorga.com\/fr\/zona-zero-vtt\/","title":{"rendered":"Zona Zero"},"content":{"rendered":"<h1>Zona Zero VTT<\/h1>\n<p>La comarca del Sobrarbe es uno de los territorios de referencia para la pr\u00e1ctica del BTT a nivel Europeo, sus rutas recorren los m\u00e1s bellos parajes del Pirineo Aragon\u00e9s, discurriendo algunas de ellas por el Parque Natural de la Sierra de Guara y por el entorno del Parque Nacional de Ordesa y Monte Perdido.<\/p>\n<p>El centro BTT Zona Zero Pirineos es uno de los centros BTT m\u00e1s importantes a nivel nacional e internacional. En el a\u00f1o 2015 Zona Zero fue la sede de las Enduro World Series y en Septiembre de 2018 volver\u00e1 a acoger esta prueba incluida dentro del Campeonato mundial.<\/p>\n<p>En Camping La Gorga somos unos apasionados del BTT por lo que te podemos informar de todas las rutas y recomendar las m\u00e1s adecuadas seg\u00fan los niveles de dificultad.<\/p>\n<p>Adem\u00e1s en nuestro camping encontrar\u00e1s los siguientes servicios:<\/p>\n<p>Garaje para guardar las bicicletas con candados y llaves.<br \/>\nTaller con todo tipo de herramientas para reparaciones, caballete para bicis, compresor, etc\u2026<br \/>\nZona de lavado para bicicletas.<br \/>\nCarteles y folletos explicativos de las principales rutas de Zona Zero.<br \/>\nServicio de ducha incluido el d\u00eda de salida sin coste adicional.<br \/>\nZona de relax con piscina climatizada y jacuzzi.<br \/>\nSalida y paso de varias rutas como la m\u00edtica Coasta Ruta10<\/p>\n<p>En Zona Zero Pirineos podr\u00e9is disfrutar de unas 60 rutas para MTB de distintos tipos (enduro, variantes, ligth, cicloalpinismo&#8230;). Buena parte de las rutas est\u00e1n totalmente balizadas, otras son de seguimiento GPS.<\/p>\n<p>Algunas de estas rutas salen o pasan muy cerca de nuestro camping por lo que podr\u00e1s disfrutar de ellas c\u00f3modamente: ZA04, ZR04, ZR04, ZZ015, ZZ018, ZZ020<\/p>\n<p>Camping La Gorga: Socio colaborador de Zona Zero desde su creaci\u00f3n y\u2026.\u00a1alojamiento Bike Friendly !<\/p>\n<style type=\"text\/css\">\n#foogallery-gallery-2698 .fg-image { width: 200px; }\n#foogallery-gallery-2698 { --fg-gutter: 10px; }<\/style>\n\t\t\t<style type=\"text\/css\">\n#foogallery-gallery-2698_1 .fg-image { width: 200px; }\n#foogallery-gallery-2698_1 { --fg-gutter: 10px; }<\/style>\n\t\t\t<div class=\"foogallery foogallery-container foogallery-default foogallery-lightbox-foobox fg-center fg-default fg-ready fg-light fg-border-thin fg-shadow-outline fg-loading-default fg-loaded-fade-in fg-caption-hover fg-hover-fade fg-hover-zoom\" id=\"foogallery-gallery-2698_1\" data-foogallery=\"{&quot;item&quot;:{&quot;showCaptionTitle&quot;:true,&quot;showCaptionDescription&quot;:true},&quot;lazy&quot;:true}\" style=\"--fg-title-line-clamp: 0; --fg-description-line-clamp: 0;\" >\n\t<div class=\"fg-item fg-type-image fg-idle\"><figure class=\"fg-item-inner\"><a href=\"https:\/\/campinglagorga.com\/wp-content\/uploads\/2018\/04\/18245_906742486035727_3899285921491967634_n.jpg\" data-caption-title=\"Camping La Gorga Bolta\u00f1a Ordesa Pirineos\" data-caption-desc=\"Camping La Gorga Bolta\u00f1a Sobrarbe Pirineo Pirineos\" data-attachment-id=\"2685\" data-type=\"image\" class=\"fg-thumb\"><span class=\"fg-image-wrap\"><img decoding=\"async\" alt=\"Camping La Gorga Bolta\u00f1a Sobrarbe Pirineo Pirineos\" title=\"Camping La Gorga Bolta\u00f1a Ordesa Pirineos\" width=\"200\" height=\"200\" class=\"skip-lazy fg-image\" data-src-fg=\"https:\/\/campinglagorga.com\/wp-content\/uploads\/cache\/2018\/04\/18245_906742486035727_3899285921491967634_n\/3450845673.jpg\" src=\"data:image\/svg+xml,%3Csvg%20xmlns%3D%22http%3A%2F%2Fwww.w3.org%2F2000%2Fsvg%22%20width%3D%22200%22%20height%3D%22200%22%20viewBox%3D%220%200%20200%20200%22%3E%3C%2Fsvg%3E\" loading=\"eager\"><\/span><span class=\"fg-image-overlay\"><\/span><\/a><figcaption class=\"fg-caption\"><div class=\"fg-caption-inner\"><div class=\"fg-caption-title\">Camping La Gorga Bolta\u00f1a Ordesa Pirineos<\/div><div class=\"fg-caption-desc\">Camping La Gorga Bolta\u00f1a Sobrarbe Pirineo Pirineos<\/div><\/div><\/figcaption><\/figure><div class=\"fg-loader\"><\/div><\/div><div class=\"fg-item fg-type-image fg-idle\"><figure class=\"fg-item-inner\"><a href=\"https:\/\/campinglagorga.com\/wp-content\/uploads\/2018\/04\/P1090516.jpg\" data-caption-title=\"Camping La Gorga Bolta\u00f1a Ordesa Pirineos\" data-caption-desc=\"Camping La Gorga Bolta\u00f1a Sobrarbe Pirineo Pirineos\" data-attachment-id=\"2712\" data-type=\"image\" class=\"fg-thumb\"><span class=\"fg-image-wrap\"><img decoding=\"async\" alt=\"Camping La Gorga Bolta\u00f1a Sobrarbe Pirineo Pirineos\" title=\"Camping La Gorga Bolta\u00f1a Ordesa Pirineos\" width=\"200\" height=\"200\" class=\"skip-lazy fg-image\" data-src-fg=\"https:\/\/campinglagorga.com\/wp-content\/uploads\/cache\/2018\/04\/P1090516\/304222928.jpg\" src=\"data:image\/svg+xml,%3Csvg%20xmlns%3D%22http%3A%2F%2Fwww.w3.org%2F2000%2Fsvg%22%20width%3D%22200%22%20height%3D%22200%22%20viewBox%3D%220%200%20200%20200%22%3E%3C%2Fsvg%3E\" loading=\"eager\"><\/span><span class=\"fg-image-overlay\"><\/span><\/a><figcaption class=\"fg-caption\"><div class=\"fg-caption-inner\"><div class=\"fg-caption-title\">Camping La Gorga Bolta\u00f1a Ordesa Pirineos<\/div><div class=\"fg-caption-desc\">Camping La Gorga Bolta\u00f1a Sobrarbe Pirineo Pirineos<\/div><\/div><\/figcaption><\/figure><div class=\"fg-loader\"><\/div><\/div><div class=\"fg-item fg-type-image fg-idle\"><figure class=\"fg-item-inner\"><a href=\"https:\/\/campinglagorga.com\/wp-content\/uploads\/2018\/04\/btt7.jpg\" data-caption-title=\"Camping La Gorga Bolta\u00f1a Ordesa Pirineos\" data-caption-desc=\"Camping La Gorga Bolta\u00f1a Sobrarbe Pirineo Pirineos\" data-attachment-id=\"2854\" data-type=\"image\" class=\"fg-thumb\"><span class=\"fg-image-wrap\"><img decoding=\"async\" alt=\"Camping La Gorga Bolta\u00f1a Sobrarbe Pirineo Pirineos\" title=\"Camping La Gorga Bolta\u00f1a Ordesa Pirineos\" width=\"200\" height=\"200\" class=\"skip-lazy fg-image\" data-src-fg=\"https:\/\/campinglagorga.com\/wp-content\/uploads\/cache\/2018\/04\/btt7\/3082214505.jpg\" src=\"data:image\/svg+xml,%3Csvg%20xmlns%3D%22http%3A%2F%2Fwww.w3.org%2F2000%2Fsvg%22%20width%3D%22200%22%20height%3D%22200%22%20viewBox%3D%220%200%20200%20200%22%3E%3C%2Fsvg%3E\" loading=\"eager\"><\/span><span class=\"fg-image-overlay\"><\/span><\/a><figcaption class=\"fg-caption\"><div class=\"fg-caption-inner\"><div class=\"fg-caption-title\">Camping La Gorga Bolta\u00f1a Ordesa Pirineos<\/div><div class=\"fg-caption-desc\">Camping La Gorga Bolta\u00f1a Sobrarbe Pirineo Pirineos<\/div><\/div><\/figcaption><\/figure><div class=\"fg-loader\"><\/div><\/div><div class=\"fg-item fg-type-image fg-idle\"><figure class=\"fg-item-inner\"><a href=\"https:\/\/campinglagorga.com\/wp-content\/uploads\/2018\/04\/10406449_884202601623049_9135539282150038557_n.jpg\" data-caption-title=\"Camping La Gorga Bolta\u00f1a Ordesa Pirineos\" data-caption-desc=\"Camping La Gorga Bolta\u00f1a Sobrarbe Pirineo Pirineos\" data-attachment-id=\"2699\" data-type=\"image\" class=\"fg-thumb\"><span class=\"fg-image-wrap\"><img decoding=\"async\" alt=\"Camping La Gorga Bolta\u00f1a Sobrarbe Pirineo Pirineos\" title=\"Camping La Gorga Bolta\u00f1a Ordesa Pirineos\" width=\"200\" height=\"200\" class=\"skip-lazy fg-image\" data-src-fg=\"https:\/\/campinglagorga.com\/wp-content\/uploads\/cache\/2018\/04\/10406449_884202601623049_9135539282150038557_n\/459006902.jpg\" src=\"data:image\/svg+xml,%3Csvg%20xmlns%3D%22http%3A%2F%2Fwww.w3.org%2F2000%2Fsvg%22%20width%3D%22200%22%20height%3D%22200%22%20viewBox%3D%220%200%20200%20200%22%3E%3C%2Fsvg%3E\" loading=\"eager\"><\/span><span class=\"fg-image-overlay\"><\/span><\/a><figcaption class=\"fg-caption\"><div class=\"fg-caption-inner\"><div class=\"fg-caption-title\">Camping La Gorga Bolta\u00f1a Ordesa Pirineos<\/div><div class=\"fg-caption-desc\">Camping La Gorga Bolta\u00f1a Sobrarbe Pirineo Pirineos<\/div><\/div><\/figcaption><\/figure><div class=\"fg-loader\"><\/div><\/div><div class=\"fg-item fg-type-image fg-idle\"><figure class=\"fg-item-inner\"><a href=\"https:\/\/campinglagorga.com\/wp-content\/uploads\/2018\/04\/btt1-1.jpg\" data-caption-title=\"Camping La Gorga Bolta\u00f1a Ordesa Pirineos\" data-caption-desc=\"Camping La Gorga Bolta\u00f1a Sobrarbe Pirineo Pirineos\" data-attachment-id=\"2857\" data-type=\"image\" class=\"fg-thumb\"><span class=\"fg-image-wrap\"><img decoding=\"async\" alt=\"Camping La Gorga Bolta\u00f1a Sobrarbe Pirineo Pirineos\" title=\"Camping La Gorga Bolta\u00f1a Ordesa Pirineos\" width=\"200\" height=\"200\" class=\"skip-lazy fg-image\" data-src-fg=\"https:\/\/campinglagorga.com\/wp-content\/uploads\/cache\/2018\/04\/btt1-1\/423778849.jpg\" src=\"data:image\/svg+xml,%3Csvg%20xmlns%3D%22http%3A%2F%2Fwww.w3.org%2F2000%2Fsvg%22%20width%3D%22200%22%20height%3D%22200%22%20viewBox%3D%220%200%20200%20200%22%3E%3C%2Fsvg%3E\" loading=\"eager\"><\/span><span class=\"fg-image-overlay\"><\/span><\/a><figcaption class=\"fg-caption\"><div class=\"fg-caption-inner\"><div class=\"fg-caption-title\">Camping La Gorga Bolta\u00f1a Ordesa Pirineos<\/div><div class=\"fg-caption-desc\">Camping La Gorga Bolta\u00f1a Sobrarbe Pirineo Pirineos<\/div><\/div><\/figcaption><\/figure><div class=\"fg-loader\"><\/div><\/div><div class=\"fg-item fg-type-image fg-idle\"><figure class=\"fg-item-inner\"><a href=\"https:\/\/campinglagorga.com\/wp-content\/uploads\/2018\/04\/20150422_151304-e1522586906805.jpg\" data-caption-title=\"Camping La Gorga Bolta\u00f1a Ordesa Pirineos\" data-caption-desc=\"Camping La Gorga Bolta\u00f1a Sobrarbe Pirineo Pirineos\" data-attachment-id=\"2705\" data-type=\"image\" class=\"fg-thumb\"><span class=\"fg-image-wrap\"><img decoding=\"async\" alt=\"Camping La Gorga Bolta\u00f1a Sobrarbe Pirineo Pirineos\" title=\"Camping La Gorga Bolta\u00f1a Ordesa Pirineos\" width=\"200\" height=\"200\" class=\"skip-lazy fg-image\" data-src-fg=\"https:\/\/campinglagorga.com\/wp-content\/uploads\/cache\/2018\/04\/20150422_151304-e1522586906805\/2637587036.jpg\" src=\"data:image\/svg+xml,%3Csvg%20xmlns%3D%22http%3A%2F%2Fwww.w3.org%2F2000%2Fsvg%22%20width%3D%22200%22%20height%3D%22200%22%20viewBox%3D%220%200%20200%20200%22%3E%3C%2Fsvg%3E\" loading=\"eager\"><\/span><span class=\"fg-image-overlay\"><\/span><\/a><figcaption class=\"fg-caption\"><div class=\"fg-caption-inner\"><div class=\"fg-caption-title\">Camping La Gorga Bolta\u00f1a Ordesa Pirineos<\/div><div class=\"fg-caption-desc\">Camping La Gorga Bolta\u00f1a Sobrarbe Pirineo Pirineos<\/div><\/div><\/figcaption><\/figure><div class=\"fg-loader\"><\/div><\/div><div class=\"fg-item fg-type-image fg-idle\"><figure class=\"fg-item-inner\"><a href=\"https:\/\/campinglagorga.com\/wp-content\/uploads\/2018\/04\/IMG_2729-e1525187925985.jpg\" data-caption-title=\"Camping La Gorga Bolta\u00f1a Ordesa Pirineos\" data-caption-desc=\"Camping La Gorga Bolta\u00f1a Sobrarbe Pirineo Pirineos\" data-attachment-id=\"2681\" data-type=\"image\" class=\"fg-thumb\"><span class=\"fg-image-wrap\"><img decoding=\"async\" alt=\"Camping La Gorga Bolta\u00f1a Sobrarbe Pirineo Pirineos\" title=\"Camping La Gorga Bolta\u00f1a Ordesa Pirineos\" width=\"200\" height=\"200\" class=\"skip-lazy fg-image\" data-src-fg=\"https:\/\/campinglagorga.com\/wp-content\/uploads\/cache\/2018\/04\/IMG_2729-e1525187925985\/360759691.jpg\" src=\"data:image\/svg+xml,%3Csvg%20xmlns%3D%22http%3A%2F%2Fwww.w3.org%2F2000%2Fsvg%22%20width%3D%22200%22%20height%3D%22200%22%20viewBox%3D%220%200%20200%20200%22%3E%3C%2Fsvg%3E\" loading=\"eager\"><\/span><span class=\"fg-image-overlay\"><\/span><\/a><figcaption class=\"fg-caption\"><div class=\"fg-caption-inner\"><div class=\"fg-caption-title\">Camping La Gorga Bolta\u00f1a Ordesa Pirineos<\/div><div class=\"fg-caption-desc\">Camping La Gorga Bolta\u00f1a Sobrarbe Pirineo Pirineos<\/div><\/div><\/figcaption><\/figure><div class=\"fg-loader\"><\/div><\/div><div class=\"fg-item fg-type-image fg-idle\"><figure class=\"fg-item-inner\"><a href=\"https:\/\/campinglagorga.com\/wp-content\/uploads\/2018\/04\/btt3.jpg\" data-caption-title=\"Camping La Gorga Bolta\u00f1a Ordesa Pirineos\" data-caption-desc=\"Camping La Gorga Bolta\u00f1a Sobrarbe Pirineo Pirineos\" data-attachment-id=\"2851\" data-type=\"image\" class=\"fg-thumb\"><span class=\"fg-image-wrap\"><img decoding=\"async\" alt=\"Camping La Gorga Bolta\u00f1a Sobrarbe Pirineo Pirineos\" title=\"Camping La Gorga Bolta\u00f1a Ordesa Pirineos\" width=\"200\" height=\"200\" class=\"skip-lazy fg-image\" data-src-fg=\"https:\/\/campinglagorga.com\/wp-content\/uploads\/cache\/2018\/04\/btt3\/3840120387.jpg\" src=\"data:image\/svg+xml,%3Csvg%20xmlns%3D%22http%3A%2F%2Fwww.w3.org%2F2000%2Fsvg%22%20width%3D%22200%22%20height%3D%22200%22%20viewBox%3D%220%200%20200%20200%22%3E%3C%2Fsvg%3E\" loading=\"eager\"><\/span><span class=\"fg-image-overlay\"><\/span><\/a><figcaption class=\"fg-caption\"><div class=\"fg-caption-inner\"><div class=\"fg-caption-title\">Camping La Gorga Bolta\u00f1a Ordesa Pirineos<\/div><div class=\"fg-caption-desc\">Camping La Gorga Bolta\u00f1a Sobrarbe Pirineo Pirineos<\/div><\/div><\/figcaption><\/figure><div class=\"fg-loader\"><\/div><\/div><\/div>\n\n","protected":false},"excerpt":{"rendered":"<p>Zona Zero VTT La comarca del Sobrarbe es uno de los territorios de referencia para la pr\u00e1ctica del BTT a nivel Europeo, sus rutas recorren los m\u00e1s bellos parajes del Pirineo Aragon\u00e9s, discurriendo algunas de ellas por el Parque Natural de la Sierra de Guara y por el entorno del Parque Nacional de Ordesa y [&hellip;]<\/p>\n","protected":false},"author":1,"featured_media":0,"parent":0,"menu_order":0,"comment_status":"closed","ping_status":"closed","template":"","meta":{"_et_pb_use_builder":"on","_et_pb_old_content":"","_et_gb_content_width":"","footnotes":""},"class_list":["post-2411","page","type-page","status-publish","hentry"],"_links":{"self":[{"href":"https:\/\/campinglagorga.com\/fr\/wp-json\/wp\/v2\/pages\/2411","targetHints":{"allow":["GET"]}}],"collection":[{"href":"https:\/\/campinglagorga.com\/fr\/wp-json\/wp\/v2\/pages"}],"about":[{"href":"https:\/\/campinglagorga.com\/fr\/wp-json\/wp\/v2\/types\/page"}],"author":[{"embeddable":true,"href":"https:\/\/campinglagorga.com\/fr\/wp-json\/wp\/v2\/users\/1"}],"replies":[{"embeddable":true,"href":"https:\/\/campinglagorga.com\/fr\/wp-json\/wp\/v2\/comments?post=2411"}],"version-history":[{"count":6,"href":"https:\/\/campinglagorga.com\/fr\/wp-json\/wp\/v2\/pages\/2411\/revisions"}],"predecessor-version":[{"id":2929,"href":"https:\/\/campinglagorga.com\/fr\/wp-json\/wp\/v2\/pages\/2411\/revisions\/2929"}],"wp:attachment":[{"href":"https:\/\/campinglagorga.com\/fr\/wp-json\/wp\/v2\/media?parent=2411"}],"curies":[{"name":"wp","href":"https:\/\/api.w.org\/{rel}","templated":true}]}}