{"id":2413,"date":"2018-03-01T16:51:34","date_gmt":"2018-03-01T16:51:34","guid":{"rendered":"https:\/\/campinglagorga.com\/parcelas\/"},"modified":"2018-05-01T15:05:10","modified_gmt":"2018-05-01T15:05:10","slug":"emplacement","status":"publish","type":"page","link":"https:\/\/campinglagorga.com\/fr\/emplacement\/","title":{"rendered":"Emplacement"},"content":{"rendered":"<h1>Emplacement<\/h1>\n<p>Disponemos de amplias parcelas de 60 a 100 m2 totalmente llanas y de f\u00e1cil acceso tanto para coches como para caravanas. Todas las parcelas son de c\u00e9sped y est\u00e1n rodeadas de \u00e1rboles y arbustos que les dan sombra y delimitan los espacios.<\/p>\n<p>Todas las parcelas disponen de electricidad (220 V\u201310 A) y accesos cercanos a fuentes de agua potable.<\/p>\n<p>Adem\u00e1s, disponemos de dos edificios de servicios situados en distintas zonas del camping por lo que la cercan\u00eda a tu parcela est\u00e1 garantizada. En estos edificios encontrar\u00e1s ba\u00f1os con agua caliente, duchas, fregaderos, lavadoras, cambiadores para beb\u00e9s\u2026.<\/p>\n<p>La zona de acampada se encuentra tambi\u00e9n cerca del resto de servicios del camping: piscinas, parque infantil, campo de f\u00fatbol, barbacoas, restaurante, recepci\u00f3n etc\u2026<\/p>\n<p>Una vez en nuestro camping puedes recorrer nuestras instalaciones y elegir la parcela que m\u00e1s se adapte a lo que necesitas!<\/p>\n<style type=\"text\/css\">\n#foogallery-gallery-2802.fg-justified .fg-item { margin-right: 1px; margin-bottom: 1px; }\n#foogallery-gallery-2802.fg-justified .fg-image { height: 150px; }<\/style>\n\t\t\t<style type=\"text\/css\">\n#foogallery-gallery-2802_1.fg-justified .fg-item { margin-right: 1px; margin-bottom: 1px; }\n#foogallery-gallery-2802_1.fg-justified .fg-image { height: 150px; }<\/style>\n\t\t\t<div class=\"foogallery foogallery-container foogallery-justified foogallery-lightbox-foobox fg-justified fg-ready fg-light fg-border-thin fg-shadow-outline fg-loading-default fg-loaded-fade-in fg-caption-hover fg-hover-fade fg-hover-zoom\" id=\"foogallery-gallery-2802_1\" data-foogallery=\"{&quot;item&quot;:{&quot;showCaptionTitle&quot;:true,&quot;showCaptionDescription&quot;:true},&quot;lazy&quot;:true,&quot;template&quot;:{&quot;rowHeight&quot;:150,&quot;maxRowHeight&quot;:300,&quot;margins&quot;:1,&quot;align&quot;:&quot;center&quot;,&quot;lastRow&quot;:&quot;smart&quot;}}\" style=\"--fg-title-line-clamp: 0; --fg-description-line-clamp: 0;\" >\n\t<div class=\"fg-item fg-type-image fg-idle\"><figure class=\"fg-item-inner\"><a href=\"https:\/\/campinglagorga.com\/wp-content\/uploads\/2018\/04\/CampingLaGorga32-scaled.jpg\" data-caption-title=\"Camping La Gorga Bolta\u00f1a Ordesa Pirineos\" data-caption-desc=\"Camping La Gorga Bolta\u00f1a Sobrarbe Pirineo Pirineos\" data-attachment-id=\"3249\" data-type=\"image\" class=\"fg-thumb\"><span class=\"fg-image-wrap\"><img fetchpriority=\"high\" decoding=\"async\" alt=\"Camping La Gorga Bolta\u00f1a Sobrarbe Pirineo Pirineos\" title=\"Camping La Gorga Bolta\u00f1a Ordesa Pirineos\" height=\"300\" width=\"453\" class=\"skip-lazy fg-image\" data-src-fg=\"https:\/\/campinglagorga.com\/wp-content\/uploads\/cache\/2018\/04\/CampingLaGorga32-scaled\/461561387.jpg\" src=\"data:image\/svg+xml,%3Csvg%20xmlns%3D%22http%3A%2F%2Fwww.w3.org%2F2000%2Fsvg%22%20width%3D%22453%22%20height%3D%22300%22%20viewBox%3D%220%200%20453%20300%22%3E%3C%2Fsvg%3E\" loading=\"eager\"><\/span><span class=\"fg-image-overlay\"><\/span><\/a><figcaption class=\"fg-caption\"><div class=\"fg-caption-inner\"><div class=\"fg-caption-title\">Camping La Gorga Bolta\u00f1a Ordesa Pirineos<\/div><div class=\"fg-caption-desc\">Camping La Gorga Bolta\u00f1a Sobrarbe Pirineo Pirineos<\/div><\/div><\/figcaption><\/figure><div class=\"fg-loader\"><\/div><\/div><div class=\"fg-item fg-type-image fg-idle\"><figure class=\"fg-item-inner\"><a href=\"https:\/\/campinglagorga.com\/wp-content\/uploads\/2018\/04\/CampingLaGorga112-scaled.jpg\" data-caption-title=\"Camping La Gorga Bolta\u00f1a Ordesa Pirineos\" data-caption-desc=\"Camping La Gorga Bolta\u00f1a Sobrarbe Pirineo Pirineos\" data-attachment-id=\"3264\" data-type=\"image\" class=\"fg-thumb\"><span class=\"fg-image-wrap\"><img decoding=\"async\" alt=\"Camping La Gorga Bolta\u00f1a Sobrarbe Pirineo Pirineos\" title=\"Camping La Gorga Bolta\u00f1a Ordesa Pirineos\" height=\"300\" width=\"453\" class=\"skip-lazy fg-image\" data-src-fg=\"https:\/\/campinglagorga.com\/wp-content\/uploads\/cache\/2018\/04\/CampingLaGorga112-scaled\/1112329304.jpg\" src=\"data:image\/svg+xml,%3Csvg%20xmlns%3D%22http%3A%2F%2Fwww.w3.org%2F2000%2Fsvg%22%20width%3D%22453%22%20height%3D%22300%22%20viewBox%3D%220%200%20453%20300%22%3E%3C%2Fsvg%3E\" loading=\"eager\"><\/span><span class=\"fg-image-overlay\"><\/span><\/a><figcaption class=\"fg-caption\"><div class=\"fg-caption-inner\"><div class=\"fg-caption-title\">Camping La Gorga Bolta\u00f1a Ordesa Pirineos<\/div><div class=\"fg-caption-desc\">Camping La Gorga Bolta\u00f1a Sobrarbe Pirineo Pirineos<\/div><\/div><\/figcaption><\/figure><div class=\"fg-loader\"><\/div><\/div><div class=\"fg-item fg-type-image fg-idle\"><figure class=\"fg-item-inner\"><a href=\"https:\/\/campinglagorga.com\/wp-content\/uploads\/2018\/04\/CampingLaGorga31-scaled.jpg\" data-caption-title=\"Camping La Gorga Bolta\u00f1a Ordesa Pirineos\" data-caption-desc=\"Camping La Gorga Bolta\u00f1a Sobrarbe Pirineo Pirineos\" data-attachment-id=\"3246\" data-type=\"image\" class=\"fg-thumb\"><span class=\"fg-image-wrap\"><img decoding=\"async\" alt=\"Camping La Gorga Bolta\u00f1a Sobrarbe Pirineo Pirineos\" title=\"Camping La Gorga Bolta\u00f1a Ordesa Pirineos\" height=\"300\" width=\"453\" class=\"skip-lazy fg-image\" data-src-fg=\"https:\/\/campinglagorga.com\/wp-content\/uploads\/cache\/2018\/04\/CampingLaGorga31-scaled\/2275398648.jpg\" src=\"data:image\/svg+xml,%3Csvg%20xmlns%3D%22http%3A%2F%2Fwww.w3.org%2F2000%2Fsvg%22%20width%3D%22453%22%20height%3D%22300%22%20viewBox%3D%220%200%20453%20300%22%3E%3C%2Fsvg%3E\" loading=\"eager\"><\/span><span class=\"fg-image-overlay\"><\/span><\/a><figcaption class=\"fg-caption\"><div class=\"fg-caption-inner\"><div class=\"fg-caption-title\">Camping La Gorga Bolta\u00f1a Ordesa Pirineos<\/div><div class=\"fg-caption-desc\">Camping La Gorga Bolta\u00f1a Sobrarbe Pirineo Pirineos<\/div><\/div><\/figcaption><\/figure><div class=\"fg-loader\"><\/div><\/div><div class=\"fg-item fg-type-image fg-idle\"><figure class=\"fg-item-inner\"><a href=\"https:\/\/campinglagorga.com\/wp-content\/uploads\/2018\/04\/CampingLaGorga35-scaled.jpg\" data-caption-title=\"Camping La Gorga Bolta\u00f1a Ordesa Pirineos\" data-caption-desc=\"Camping La Gorga Bolta\u00f1a Sobrarbe Pirineo Pirineos\" data-attachment-id=\"3234\" data-type=\"image\" class=\"fg-thumb\"><span class=\"fg-image-wrap\"><img decoding=\"async\" alt=\"Camping La Gorga Bolta\u00f1a Sobrarbe Pirineo Pirineos\" title=\"Camping La Gorga Bolta\u00f1a Ordesa Pirineos\" height=\"300\" width=\"453\" class=\"skip-lazy fg-image\" data-src-fg=\"https:\/\/campinglagorga.com\/wp-content\/uploads\/cache\/2018\/04\/CampingLaGorga35-scaled\/19761117.jpg\" src=\"data:image\/svg+xml,%3Csvg%20xmlns%3D%22http%3A%2F%2Fwww.w3.org%2F2000%2Fsvg%22%20width%3D%22453%22%20height%3D%22300%22%20viewBox%3D%220%200%20453%20300%22%3E%3C%2Fsvg%3E\" loading=\"eager\"><\/span><span class=\"fg-image-overlay\"><\/span><\/a><figcaption class=\"fg-caption\"><div class=\"fg-caption-inner\"><div class=\"fg-caption-title\">Camping La Gorga Bolta\u00f1a Ordesa Pirineos<\/div><div class=\"fg-caption-desc\">Camping La Gorga Bolta\u00f1a Sobrarbe Pirineo Pirineos<\/div><\/div><\/figcaption><\/figure><div class=\"fg-loader\"><\/div><\/div><div class=\"fg-item fg-type-image fg-idle\"><figure class=\"fg-item-inner\"><a href=\"https:\/\/campinglagorga.com\/wp-content\/uploads\/2018\/04\/CampingLaGorga46-scaled.jpg\" data-caption-title=\"Camping La Gorga Bolta\u00f1a Ordesa Pirineos\" data-caption-desc=\"Camping La Gorga Bolta\u00f1a Sobrarbe Pirineo Pirineos\" data-attachment-id=\"3261\" data-type=\"image\" class=\"fg-thumb\"><span class=\"fg-image-wrap\"><img decoding=\"async\" alt=\"Camping La Gorga Bolta\u00f1a Sobrarbe Pirineo Pirineos\" title=\"Camping La Gorga Bolta\u00f1a Ordesa Pirineos\" height=\"300\" width=\"453\" class=\"skip-lazy fg-image\" data-src-fg=\"https:\/\/campinglagorga.com\/wp-content\/uploads\/cache\/2018\/04\/CampingLaGorga46-scaled\/841208583.jpg\" src=\"data:image\/svg+xml,%3Csvg%20xmlns%3D%22http%3A%2F%2Fwww.w3.org%2F2000%2Fsvg%22%20width%3D%22453%22%20height%3D%22300%22%20viewBox%3D%220%200%20453%20300%22%3E%3C%2Fsvg%3E\" loading=\"eager\"><\/span><span class=\"fg-image-overlay\"><\/span><\/a><figcaption class=\"fg-caption\"><div class=\"fg-caption-inner\"><div class=\"fg-caption-title\">Camping La Gorga Bolta\u00f1a Ordesa Pirineos<\/div><div class=\"fg-caption-desc\">Camping La Gorga Bolta\u00f1a Sobrarbe Pirineo Pirineos<\/div><\/div><\/figcaption><\/figure><div class=\"fg-loader\"><\/div><\/div><div class=\"fg-item fg-type-image fg-idle\"><figure class=\"fg-item-inner\"><a href=\"https:\/\/campinglagorga.com\/wp-content\/uploads\/2018\/04\/CampingLaGorga30-scaled.jpg\" data-caption-title=\"Camping La Gorga Bolta\u00f1a Ordesa Pirineos\" data-caption-desc=\"Camping La Gorga Bolta\u00f1a Sobrarbe Pirineo Pirineos\" data-attachment-id=\"3252\" data-type=\"image\" class=\"fg-thumb\"><span class=\"fg-image-wrap\"><img decoding=\"async\" alt=\"Camping La Gorga Bolta\u00f1a Sobrarbe Pirineo Pirineos\" title=\"Camping La Gorga Bolta\u00f1a Ordesa Pirineos\" height=\"300\" width=\"453\" class=\"skip-lazy fg-image\" data-src-fg=\"https:\/\/campinglagorga.com\/wp-content\/uploads\/cache\/2018\/04\/CampingLaGorga30-scaled\/292962317.jpg\" src=\"data:image\/svg+xml,%3Csvg%20xmlns%3D%22http%3A%2F%2Fwww.w3.org%2F2000%2Fsvg%22%20width%3D%22453%22%20height%3D%22300%22%20viewBox%3D%220%200%20453%20300%22%3E%3C%2Fsvg%3E\" loading=\"eager\"><\/span><span class=\"fg-image-overlay\"><\/span><\/a><figcaption class=\"fg-caption\"><div class=\"fg-caption-inner\"><div class=\"fg-caption-title\">Camping La Gorga Bolta\u00f1a Ordesa Pirineos<\/div><div class=\"fg-caption-desc\">Camping La Gorga Bolta\u00f1a Sobrarbe Pirineo Pirineos<\/div><\/div><\/figcaption><\/figure><div class=\"fg-loader\"><\/div><\/div><div class=\"fg-item fg-type-image fg-idle\"><figure class=\"fg-item-inner\"><a href=\"https:\/\/campinglagorga.com\/wp-content\/uploads\/2018\/04\/CampingLaGorga19-scaled.jpg\" data-caption-title=\"Camping La Gorga Bolta\u00f1a Ordesa Pirineos\" data-caption-desc=\"Camping La Gorga Bolta\u00f1a Sobrarbe Pirineo Pirineos\" data-attachment-id=\"3255\" data-type=\"image\" class=\"fg-thumb\"><span class=\"fg-image-wrap\"><img decoding=\"async\" alt=\"Camping La Gorga Bolta\u00f1a Sobrarbe Pirineo Pirineos\" title=\"Camping La Gorga Bolta\u00f1a Ordesa Pirineos\" height=\"300\" width=\"453\" class=\"skip-lazy fg-image\" data-src-fg=\"https:\/\/campinglagorga.com\/wp-content\/uploads\/cache\/2018\/04\/CampingLaGorga19-scaled\/1436447874.jpg\" src=\"data:image\/svg+xml,%3Csvg%20xmlns%3D%22http%3A%2F%2Fwww.w3.org%2F2000%2Fsvg%22%20width%3D%22453%22%20height%3D%22300%22%20viewBox%3D%220%200%20453%20300%22%3E%3C%2Fsvg%3E\" loading=\"eager\"><\/span><span class=\"fg-image-overlay\"><\/span><\/a><figcaption class=\"fg-caption\"><div class=\"fg-caption-inner\"><div class=\"fg-caption-title\">Camping La Gorga Bolta\u00f1a Ordesa Pirineos<\/div><div class=\"fg-caption-desc\">Camping La Gorga Bolta\u00f1a Sobrarbe Pirineo Pirineos<\/div><\/div><\/figcaption><\/figure><div class=\"fg-loader\"><\/div><\/div><div class=\"fg-item fg-type-image fg-idle\"><figure class=\"fg-item-inner\"><a href=\"https:\/\/campinglagorga.com\/wp-content\/uploads\/2018\/04\/CampingLaGorga24-scaled.jpg\" data-caption-title=\"Camping La Gorga Bolta\u00f1a Ordesa Pirineos\" data-caption-desc=\"Camping La Gorga Bolta\u00f1a Sobrarbe Pirineo Pirineos\" data-attachment-id=\"3258\" data-type=\"image\" class=\"fg-thumb\"><span class=\"fg-image-wrap\"><img decoding=\"async\" alt=\"Camping La Gorga Bolta\u00f1a Sobrarbe Pirineo Pirineos\" title=\"Camping La Gorga Bolta\u00f1a Ordesa Pirineos\" height=\"300\" width=\"453\" class=\"skip-lazy fg-image\" data-src-fg=\"https:\/\/campinglagorga.com\/wp-content\/uploads\/cache\/2018\/04\/CampingLaGorga24-scaled\/1978797068.jpg\" src=\"data:image\/svg+xml,%3Csvg%20xmlns%3D%22http%3A%2F%2Fwww.w3.org%2F2000%2Fsvg%22%20width%3D%22453%22%20height%3D%22300%22%20viewBox%3D%220%200%20453%20300%22%3E%3C%2Fsvg%3E\" loading=\"eager\"><\/span><span class=\"fg-image-overlay\"><\/span><\/a><figcaption class=\"fg-caption\"><div class=\"fg-caption-inner\"><div class=\"fg-caption-title\">Camping La Gorga Bolta\u00f1a Ordesa Pirineos<\/div><div class=\"fg-caption-desc\">Camping La Gorga Bolta\u00f1a Sobrarbe Pirineo Pirineos<\/div><\/div><\/figcaption><\/figure><div class=\"fg-loader\"><\/div><\/div><\/div>\n\n","protected":false},"excerpt":{"rendered":"<p>Emplacement Disponemos de amplias parcelas de 60 a 100 m2 totalmente llanas y de f\u00e1cil acceso tanto para coches como para caravanas. Todas las parcelas son de c\u00e9sped y est\u00e1n rodeadas de \u00e1rboles y arbustos que les dan sombra y delimitan los espacios. Todas las parcelas disponen de electricidad (220 V\u201310 A) y accesos cercanos [&hellip;]<\/p>\n","protected":false},"author":1,"featured_media":0,"parent":0,"menu_order":0,"comment_status":"closed","ping_status":"closed","template":"","meta":{"_et_pb_use_builder":"on","_et_pb_old_content":"","_et_gb_content_width":"","footnotes":""},"class_list":["post-2413","page","type-page","status-publish","hentry"],"_links":{"self":[{"href":"https:\/\/campinglagorga.com\/fr\/wp-json\/wp\/v2\/pages\/2413","targetHints":{"allow":["GET"]}}],"collection":[{"href":"https:\/\/campinglagorga.com\/fr\/wp-json\/wp\/v2\/pages"}],"about":[{"href":"https:\/\/campinglagorga.com\/fr\/wp-json\/wp\/v2\/types\/page"}],"author":[{"embeddable":true,"href":"https:\/\/campinglagorga.com\/fr\/wp-json\/wp\/v2\/users\/1"}],"replies":[{"embeddable":true,"href":"https:\/\/campinglagorga.com\/fr\/wp-json\/wp\/v2\/comments?post=2413"}],"version-history":[{"count":7,"href":"https:\/\/campinglagorga.com\/fr\/wp-json\/wp\/v2\/pages\/2413\/revisions"}],"predecessor-version":[{"id":2927,"href":"https:\/\/campinglagorga.com\/fr\/wp-json\/wp\/v2\/pages\/2413\/revisions\/2927"}],"wp:attachment":[{"href":"https:\/\/campinglagorga.com\/fr\/wp-json\/wp\/v2\/media?parent=2413"}],"curies":[{"name":"wp","href":"https:\/\/api.w.org\/{rel}","templated":true}]}}